{"id":1335,"date":"2023-09-28T20:32:51","date_gmt":"2023-09-28T23:32:51","guid":{"rendered":"https:\/\/www.oatec.org.ar\/?page_id=1335"},"modified":"2025-10-27T11:57:41","modified_gmt":"2025-10-27T14:57:41","slug":"finalistas-oatec-2025","status":"publish","type":"page","link":"https:\/\/www.oatec.org.ar\/index.php\/finalistas-oatec-2025\/","title":{"rendered":"Finalistas OATec 2025"},"content":{"rendered":"<p>[et_pb_section fb_built=\u00bb1&#8243; inner_shadow=\u00bbon\u00bb fullwidth=\u00bbon\u00bb _builder_version=\u00bb4.16&#8243; background_color=\u00bb#ffffff\u00bb top_divider_style=\u00bbcurve2&#8243; top_divider_color=\u00bbrgba(0,0,0,0.22)\u00bb top_divider_height=\u00bb19px\u00bb box_shadow_style=\u00bbpreset6&#8243; global_colors_info=\u00bb{}\u00bb][et_pb_fullwidth_header text_orientation=\u00bbcenter\u00bb background_overlay_color=\u00bbrgba(120,229,18,0.63)\u00bb module_id=\u00bb.et_pb_section\u00bb module_class=\u00bb.et_pb_section\u00bb _builder_version=\u00bb4.27.4&#8243; content_font=\u00bbComfortaa||||||||\u00bb content_text_align=\u00bbcenter\u00bb background_color=\u00bb#7ebec5&#8243; parallax=\u00bbon\u00bb background_layout=\u00bblight\u00bb max_width_tablet=\u00bb50px\u00bb child_filter_saturate=\u00bb41%\u00bb child_filter_opacity=\u00bb0%\u00bb custom_css_main_element=\u00bbpadding-top:0px;\u00bb custom_css_header_container=\u00bbheight:10px;||max-height: 80px;\u00bb text_shadow_style=\u00bbpreset5&#8243; global_colors_info=\u00bb{}\u00bb button_one_text_size__hover_enabled=\u00bboff\u00bb button_one_text_size__hover=\u00bbnull\u00bb button_two_text_size__hover_enabled=\u00bboff\u00bb button_two_text_size__hover=\u00bbnull\u00bb button_one_text_color__hover_enabled=\u00bboff\u00bb button_one_text_color__hover=\u00bbnull\u00bb button_two_text_color__hover_enabled=\u00bboff\u00bb button_two_text_color__hover=\u00bbnull\u00bb button_one_border_width__hover_enabled=\u00bboff\u00bb button_one_border_width__hover=\u00bbnull\u00bb button_two_border_width__hover_enabled=\u00bboff\u00bb button_two_border_width__hover=\u00bbnull\u00bb button_one_border_color__hover_enabled=\u00bboff\u00bb button_one_border_color__hover=\u00bbnull\u00bb button_two_border_color__hover_enabled=\u00bboff\u00bb button_two_border_color__hover=\u00bbnull\u00bb button_one_border_radius__hover_enabled=\u00bboff\u00bb button_one_border_radius__hover=\u00bbnull\u00bb button_two_border_radius__hover_enabled=\u00bboff\u00bb button_two_border_radius__hover=\u00bbnull\u00bb button_one_letter_spacing__hover_enabled=\u00bbon\u00bb button_one_letter_spacing__hover=\u00bb0&#8243; button_two_letter_spacing__hover_enabled=\u00bbon\u00bb button_two_letter_spacing__hover=\u00bb0&#8243; button_one_bg_color__hover_enabled=\u00bboff\u00bb button_one_bg_color__hover=\u00bbnull\u00bb button_two_bg_color__hover_enabled=\u00bboff\u00bb button_two_bg_color__hover=\u00bbnull\u00bb]<\/p>\n<p style=\"text-align: center;\"><span style=\"color: #ffffff;\">OATEC 2025<\/span><\/p>\n<p>[\/et_pb_fullwidth_header][\/et_pb_section][et_pb_section fb_built=\u00bb1&#8243; custom_padding_last_edited=\u00bbon|desktop\u00bb admin_label=\u00bbsection\u00bb _builder_version=\u00bb4.16&#8243; background_color=\u00bb#f4f4f4&#8243; custom_padding_tablet=\u00bb50px|0|50px|0&#8243; custom_padding_phone=\u00bb\u00bb transparent_background=\u00bboff\u00bb padding_mobile=\u00bboff\u00bb make_fullwidth=\u00bboff\u00bb use_custom_width=\u00bboff\u00bb width_unit=\u00bbon\u00bb global_colors_info=\u00bb{}\u00bb][et_pb_row padding_mobile=\u00bboff\u00bb column_padding_mobile=\u00bbon\u00bb admin_label=\u00bbrow\u00bb _builder_version=\u00bb4.26.1&#8243; background_size=\u00bbinitial\u00bb background_position=\u00bbtop_left\u00bb background_repeat=\u00bbrepeat\u00bb custom_width_px=\u00bb550px\u00bb global_colors_info=\u00bb{}\u00bb][et_pb_column type=\u00bb4_4&#8243; _builder_version=\u00bb4.16&#8243; custom_padding=\u00bb|||\u00bb global_colors_info=\u00bb{}\u00bb custom_padding__hover=\u00bb|||\u00bb][et_pb_text _builder_version=\u00bb4.27.4&#8243; background_size=\u00bbinitial\u00bb background_position=\u00bbtop_left\u00bb background_repeat=\u00bbrepeat\u00bb use_border_color=\u00bboff\u00bb global_colors_info=\u00bb{}\u00bb]<\/p>\n<p style=\"text-align: right; color: #93bb3b;\"><a href=\"https:\/\/www.oatec.org.ar\/index.php\/examenes\/\">EXAMENES<\/a>\u00a0<span style=\"color: #a6a6a6;\"> &gt;&gt;<a href=\"https:\/\/www.oatec.org.ar\/index.php\/1instancia\/\">\u00a0 <span>1\u00b0 INSTANCIA<\/span><\/a>\u00a0 &gt;&gt;<a href=\"https:\/\/www.www.oatec.org.ar\/oatec2022\/acerca-de-oatec\/\"><\/a> \u00a0<\/span>FINALISTAS OATEC 2025<\/p>\n<p>[\/et_pb_text][et_pb_text _builder_version=\u00bb4.27.4&#8243; background_size=\u00bbinitial\u00bb background_position=\u00bbtop_left\u00bb background_repeat=\u00bbrepeat\u00bb use_border_color=\u00bboff\u00bb border_color=\u00bb#ffffff\u00bb border_style=\u00bbsolid\u00bb global_colors_info=\u00bb{}\u00bb]<\/p>\n<div class=\"row\">\n<div class=\"col-md-12\">\n<h1 class=\"col-md-12 section-title\">FINALISTAS OATEC 2025<\/h1>\n<p class=\"col-md-12 section-title\" style=\"text-align: center;\">\n<\/div>\n<\/div>\n<div id=\"page-page\" class=\"panel-display \"><\/div>\n<p>[\/et_pb_text][et_pb_divider color=\u00bb#81d742&#8243; divider_weight=\u00bb2&#8243; _builder_version=\u00bb4.16&#8243; height=\u00bb2px\u00bb hide_on_mobile=\u00bboff\u00bb global_colors_info=\u00bb{}\u00bb][\/et_pb_divider][\/et_pb_column][\/et_pb_row][et_pb_row _builder_version=\u00bb4.22.1&#8243; _module_preset=\u00bbdefault\u00bb custom_padding=\u00bb41px|||1px||\u00bb hover_enabled=\u00bb0&#8243; global_colors_info=\u00bb{}\u00bb sticky_enabled=\u00bb0&#8243;][et_pb_column type=\u00bb4_4&#8243; _builder_version=\u00bb4.22.1&#8243; _module_preset=\u00bbdefault\u00bb global_colors_info=\u00bb{}\u00bb][et_pb_text _builder_version=\u00bb4.22.1&#8243; _module_preset=\u00bbdefault\u00bb background_color=\u00bb#7CDA24&#8243; min_height=\u00bb15.4px\u00bb custom_margin=\u00bb-8px||41px|||\u00bb custom_padding=\u00bb9px||9px|||\u00bb global_colors_info=\u00bb{}\u00bb]<\/p>\n<p style=\"text-align: center;\"><strong><span style=\"color: #ffffff;\">ZONA 1 &#8211; REGI\u00d3N A<\/span><br \/><\/strong><\/p>\n<p>[\/et_pb_text][et_pb_text _builder_version=\u00bb4.27.4&#8243; _module_preset=\u00bbdefault\u00bb custom_margin=\u00bb-26px|||||\u00bb custom_padding=\u00bb0px|||||\u00bb hover_enabled=\u00bb0&#8243; global_colors_info=\u00bb{}\u00bb sticky_enabled=\u00bb0&#8243;]<\/p>\n<table border=\"1\" style=\"height: 173px; width: 100%; border-style: solid; border-color: #78288c;\">\n<tbody>\n<tr style=\"height: 23px; background-color: rgba(0,73,132,0.87);\">\n<td style=\"width: 33.3333%; text-align: center; height: 23px;\"><span style=\"color: #ffffff;\"><strong>ALUMNO<\/strong><\/span><\/td>\n<td style=\"width: 33.3333%; text-align: center; height: 23px;\"><span style=\"color: #ffffff;\"><strong>COLEGIO<\/strong><\/span><\/td>\n<td style=\"width: 8.33335%; text-align: center; height: 23px;\"><span style=\"color: #ffffff;\"><strong>PROVINCIA<\/strong><\/span><\/td>\n<\/tr>\n<tr height=\"41\" style=\"height: 30.6pt;\">\n<td height=\"41\" class=\"xl65\" width=\"83\" style=\"height: 30px; width: 33.3333%;\">Gomez Scardino Facundo Lautaro<\/td>\n<td width=\"464\" style=\"width: 33.3333%; height: 30px;\">Instituto Calasancio Divina Pastora<\/td>\n<td width=\"80\" style=\"width: 8.33335%; height: 30px; text-align: center;\">CABA<br \/>Buenos Aires<\/td>\n<\/tr>\n<tr height=\"41\" style=\"height: 30.6pt;\">\n<td height=\"41\" class=\"xl65\" width=\"83\" style=\"height: 30px; width: 33.3333%;\">Lancestremere Lewi Santino<\/td>\n<td width=\"464\" style=\"width: 33.3333%; height: 30px;\">Instituto Pestalozzi<\/td>\n<td style=\"width: 8.33335%; height: 30px; text-align: center;\">CABA<br \/>Buenos Aires<\/td>\n<\/tr>\n<tr height=\"41\" style=\"height: 30.6pt;\">\n<td height=\"41\" class=\"xl65\" width=\"83\" style=\"height: 30px; width: 33.3333%;\">Arroyuelo Guasco Mar\u00eda Sol<\/td>\n<td width=\"464\" style=\"width: 33.3333%; height: 30px;\">Instituto Marianista<\/td>\n<td style=\"width: 8.33335%; height: 30px; text-align: center;\">CABA<br \/>Buenos Aires<\/td>\n<\/tr>\n<tr height=\"41\" style=\"height: 30.6pt;\">\n<td height=\"41\" class=\"xl65\" width=\"83\" style=\"height: 30px; width: 33.3333%;\">Spelta Walker Sebasti\u00e1n<\/td>\n<td width=\"464\" style=\"width: 33.3333%; height: 30px;\">Escuela T\u00e9cnica Roberto Rocca<\/td>\n<td style=\"width: 8.33335%; height: 30px; text-align: center;\">Campana<br \/>Pcia de Buenos Aires<\/td>\n<\/tr>\n<tr height=\"41\" style=\"height: 30.6pt;\">\n<td height=\"41\" class=\"xl65\" width=\"83\" style=\"height: 30px; width: 33.3333%;\"><span style=\"font-size: 16px;\">Vivacqua Antonella<\/span><\/td>\n<td width=\"464\" style=\"width: 33.3333%; height: 30px;\">Escuela T\u00e9cnica 35 De 18<\/td>\n<td style=\"width: 8.33335%; height: 30px; text-align: center;\">CABA<br \/>Buenos Aires<\/td>\n<\/tr>\n<tr>\n<td style=\"width: 33.3333%;\"><span style=\"font-size: 16px;\">Pedraza Nicol\u00e1s<\/span><\/td>\n<td style=\"width: 33.3333%;\">Colegio R\u00edo De La Plata Sur<\/td>\n<td style=\"width: 8.33335%; text-align: center;\">\n<p>J.M. Guti\u00e9rrez<\/p>\n<p>Pcia de Buenos Aires<\/p>\n<\/td>\n<\/tr>\n<\/tbody>\n<\/table>\n<p>&nbsp;<\/p>\n<p>[\/et_pb_text][et_pb_text _builder_version=\u00bb4.22.1&#8243; _module_preset=\u00bbdefault\u00bb background_color=\u00bb#7CDA24&#8243; custom_margin=\u00bb||1px|||\u00bb custom_padding=\u00bb9px||9px|||\u00bb global_colors_info=\u00bb{}\u00bb]<\/p>\n<p style=\"text-align: center;\"><strong><span style=\"color: #ffffff;\">ZONA 1 &#8211; REGI\u00d3N B<\/span><br \/><\/strong><\/p>\n<p>[\/et_pb_text][et_pb_text _builder_version=\u00bb4.27.4&#8243; _module_preset=\u00bbdefault\u00bb custom_margin=\u00bb-22px|||||\u00bb custom_padding=\u00bb0px|||||\u00bb global_colors_info=\u00bb{}\u00bb]<\/p>\n<p>&nbsp;<\/p>\n<table border=\"1\" style=\"height: 70px; width: 100%; border-style: solid; border-color: #78288c;\">\n<tbody>\n<tr style=\"height: 23px; background-color: rgba(0,73,132,0.87);\">\n<td style=\"width: 33.3333%; text-align: center; height: 10px;\"><span style=\"color: #ffffff;\"><strong>ALUMNO<\/strong><\/span><\/td>\n<td style=\"width: 33.3333%; text-align: center; height: 10px;\"><span style=\"color: #ffffff;\"><strong>COLEGIO<\/strong><\/span><\/td>\n<td style=\"width: 8.33335%; text-align: center; height: 10px;\"><span style=\"color: #ffffff;\"><strong>PROVINCIA<\/strong><\/span><\/td>\n<\/tr>\n<tr height=\"41\" style=\"height: 30.6pt;\">\n<td height=\"41\" class=\"xl65\" width=\"83\" style=\"height: 30px; width: 33.3333%;\">Forni Tom\u00e1s<\/td>\n<td width=\"464\" style=\"width: 33.3333%; height: 30px;\">E.e.t.p N\u00b0 460 \u00abGuillermo Lehmann\u00bb<\/td>\n<td height=\"21\" class=\"xl65\" width=\"80\" style=\"height: 30px; width: 8.33335%; text-align: center;\">Rafaela<br \/>Santa Fe<\/td>\n<\/tr>\n<tr height=\"41\" style=\"height: 30.6pt;\">\n<td height=\"41\" class=\"xl65\" width=\"83\" style=\"height: 30px; width: 33.3333%;\">Cengia Gianini Tomas Agustin<\/td>\n<td width=\"464\" style=\"width: 33.3333%; height: 30px;\">Ipet N\u00ba259 \u00abAmbrosio Olmos\u00bb<\/td>\n<td height=\"21\" class=\"xl65\" style=\"height: 30px; width: 8.33335%; text-align: center;\">R\u00edo Cuarto<br \/>C\u00f3rdoba<\/td>\n<\/tr>\n<\/tbody>\n<\/table>\n<p>&nbsp;<\/p>\n<p>[\/et_pb_text][et_pb_text _builder_version=\u00bb4.26.1&#8243; _module_preset=\u00bbdefault\u00bb background_color=\u00bb#7CDA24&#8243; min_height=\u00bb30.4px\u00bb custom_margin=\u00bb||28px||false|false\u00bb custom_padding=\u00bb10px||12px||false|false\u00bb global_colors_info=\u00bb{}\u00bb]<\/p>\n<p style=\"text-align: center;\"><span style=\"color: #ffffff;\"><strong>ZONA 2 &#8211; NEA<\/strong><\/span><\/p>\n<p>[\/et_pb_text][et_pb_text _builder_version=\u00bb4.27.4&#8243; _module_preset=\u00bbdefault\u00bb min_height=\u00bb172.8px\u00bb custom_margin=\u00bb-37px||52px|||\u00bb custom_padding=\u00bb4px|||||\u00bb global_colors_info=\u00bb{}\u00bb]<\/p>\n<p style=\"text-align: left;\"><span style=\"font-size: 16px;\">\u00a0<\/span><\/p>\n<table border=\"1\" style=\"height: 95px; width: 100%; border-style: solid; border-color: #78288c;\">\n<tbody>\n<tr style=\"height: 23px; background-color: rgba(0,73,132,0.87);\">\n<td style=\"width: 33.3333%; text-align: center; height: 23px;\"><span style=\"color: #ffffff;\"><strong>ALUMNO<\/strong><\/span><\/td>\n<td style=\"width: 33.3333%; text-align: center; height: 23px;\"><span style=\"color: #ffffff;\"><strong>COLEGIO<\/strong><\/span><\/td>\n<td style=\"width: 8.33335%; text-align: center; height: 23px;\"><span style=\"color: #ffffff;\"><strong>PROVINCIA<\/strong><\/span><\/td>\n<\/tr>\n<tr height=\"41\" style=\"height: 30.6pt;\">\n<td height=\"41\" class=\"xl65\" width=\"83\" style=\"height: 30.6pt; width: 33.3333%;\">Cabral Gea Valentina<\/td>\n<td width=\"464\" style=\"width: 33.3333%;\">Uegp N\u00b0109 \u00abColegio Integral Dr. Carlos Primo Lopez Piacentini\u00bb<\/td>\n<td height=\"21\" class=\"xl65\" width=\"80\" style=\"height: 48px; width: 8.33335%; text-align: center;\">Resistencia<br \/>Chaco<\/td>\n<\/tr>\n<tr height=\"41\" style=\"height: 30.6pt;\">\n<td height=\"41\" class=\"xl65\" width=\"83\" style=\"height: 30.6pt; width: 33.3333%;\">Vega Luz<\/td>\n<td width=\"464\" style=\"width: 33.3333%;\">Instituto Educativo Privado N\u00b01<\/td>\n<td height=\"21\" class=\"xl65\" style=\"height: 24px; width: 8.33335%; text-align: center;\">Resistencia<br \/>Chaco<\/td>\n<\/tr>\n<\/tbody>\n<\/table>\n<p>[\/et_pb_text][et_pb_text _builder_version=\u00bb4.22.1&#8243; _module_preset=\u00bbdefault\u00bb background_color=\u00bb#7CDA24&#8243; custom_margin=\u00bb4px||-30px|||\u00bb custom_padding=\u00bb9px||10px|||\u00bb global_colors_info=\u00bb{}\u00bb]<\/p>\n<p style=\"text-align: center;\"><span style=\"color: #ffffff;\"><strong>ZONA 3 &#8211; NOA<\/strong><\/span><\/p>\n<p>[\/et_pb_text][et_pb_text _builder_version=\u00bb4.27.4&#8243; _module_preset=\u00bbdefault\u00bb min_height=\u00bb168.8px\u00bb custom_padding=\u00bb7px||0px|||\u00bb global_colors_info=\u00bb{}\u00bb]<\/p>\n<p style=\"text-align: left;\"><span style=\"font-size: 16px;\">\u00a0<\/span><\/p>\n<table border=\"1\" style=\"height: 115px; width: 100%; border-style: solid; border-color: #78288c;\">\n<tbody>\n<tr style=\"height: 23px; background-color: rgba(0,73,132,0.87);\">\n<td style=\"width: 33.3333%; text-align: center; height: 23px;\"><span style=\"color: #ffffff;\"><strong>ALUMNO<\/strong><\/span><\/td>\n<td style=\"width: 33.3333%; text-align: center; height: 23px;\"><span style=\"color: #ffffff;\"><strong>COLEGIO<\/strong><\/span><\/td>\n<td style=\"width: 8.33335%; text-align: center; height: 23px;\"><span style=\"color: #ffffff;\"><strong>PROVINCIA<\/strong><\/span><\/td>\n<\/tr>\n<tr height=\"41\" style=\"height: 30.6pt;\">\n<td height=\"41\" class=\"xl65\" width=\"83\" style=\"height: 30.6pt; width: 33.3333%;\">Soto Acosta Omar Mijael<\/td>\n<td width=\"464\" style=\"width: 33.3333%;\">Escuela Preuniversitaria Enet N\u00b01 \u00abProf. Vicente Garc\u00eda Aguilera\u00bb<\/td>\n<td height=\"21\" class=\"xl65\" width=\"80\" style=\"height: 15.5pt; width: 8.33335%; text-align: center;\">Capital<br \/>\nCatamarca<\/td>\n<\/tr>\n<tr height=\"41\" style=\"height: 30.6pt;\">\n<td height=\"41\" class=\"xl65\" width=\"83\" style=\"height: 30.6pt; width: 33.3333%;\">Tognazzolo Safe Bruno<\/td>\n<td width=\"464\" style=\"width: 33.3333%;\">Escuela Preuniversitaria Enet N\u00b01 \u00abProf. Vicente Garc\u00eda Aguilera\u00bb<\/td>\n<td height=\"21\" class=\"xl65\" style=\"height: 15.5pt; width: 8.33335%; text-align: center;\">Capital<br \/>\nCatamarca<\/td>\n<\/tr>\n<\/tbody>\n<\/table>\n<p>&nbsp;[\/et_pb_text][et_pb_text _builder_version=\u00bb4.22.1&#8243; _module_preset=\u00bbdefault\u00bb background_color=\u00bb#7CDA24&#8243; custom_padding=\u00bb11px||7px|||\u00bb global_colors_info=\u00bb{}\u00bb]<\/p>\n<p style=\"text-align: center;\"><span style=\"color: #ffffff;\"><strong>ZONA 4 &#8211; CUYO<\/strong><\/span><\/p>\n<p>[\/et_pb_text][et_pb_text _builder_version=\u00bb4.27.4&#8243; _module_preset=\u00bbdefault\u00bb min_height=\u00bb234.2px\u00bb custom_margin=\u00bb-56px||1px|||\u00bb custom_padding=\u00bb0px||0px|||\u00bb global_colors_info=\u00bb{}\u00bb]<\/p>\n<p style=\"text-align: left;\"><span style=\"font-size: 16px;\">\u00a0<\/span><\/p>\n<table border=\"1\" style=\"height: 95px; width: 100%; border-style: solid; border-color: #78288c;\">\n<tbody>\n<tr style=\"height: 23px; background-color: rgba(0,73,132,0.87);\">\n<td style=\"width: 33.3333%; text-align: center; height: 23px;\"><span style=\"color: #ffffff;\"><strong>ALUMNO<\/strong><\/span><\/td>\n<td style=\"width: 33.3333%; text-align: center; height: 23px;\"><span style=\"color: #ffffff;\"><strong>COLEGIO<\/strong><\/span><\/td>\n<td style=\"width: 8.33335%; text-align: center; height: 23px;\"><span style=\"color: #ffffff;\"><strong>PROVINCIA<\/strong><\/span><\/td>\n<\/tr>\n<tr height=\"41\" style=\"height: 30.6pt;\">\n<td height=\"41\" class=\"xl65\" width=\"83\" style=\"height: 30.6pt; width: 33.3333%;\">Zentil Mescia Gael David<\/td>\n<td width=\"464\" style=\"width: 33.3333%;\">Esc 4-111 \u00abIng. Pablo Nogu\u00e9s\u00bb<\/td>\n<td height=\"21\" class=\"xl65\" width=\"80\" style=\"height: 48px; width: 8.33335%; text-align: center;\">Mendoza<br \/>Mendoza<\/td>\n<\/tr>\n<tr height=\"41\" style=\"height: 30.6pt;\">\n<td height=\"41\" class=\"xl65\" width=\"83\" style=\"height: 30.6pt; width: 33.3333%;\">Garcia Monta\u00f1o Tomas<\/td>\n<td width=\"464\" style=\"width: 33.3333%;\">Escuela T\u00e9cnica N\u00b0 37 Ing. G. A. Lallemant<\/td>\n<td height=\"21\" class=\"xl65\" style=\"height: 24px; width: 8.33335%; text-align: center;\">Juana Koslay<br \/>San Luis<\/td>\n<\/tr>\n<tr>\n<td style=\"width: 33.3333%; text-align: center;\"><\/td>\n<td style=\"width: 33.3333%; text-align: center;\"><\/td>\n<td style=\"width: 8.33335%; text-align: center;\"><\/td>\n<\/tr>\n<\/tbody>\n<\/table>\n<p>&nbsp;<\/p>\n<p>[\/et_pb_text][et_pb_text _builder_version=\u00bb4.22.1&#8243; _module_preset=\u00bbdefault\u00bb background_color=\u00bb#7CDA24&#8243; custom_padding=\u00bb10px||10px|||\u00bb global_colors_info=\u00bb{}\u00bb]<\/p>\n<p style=\"text-align: center;\"><span style=\"color: #ffffff;\"><strong>ZONA 5 &#8211; SUR<\/strong><\/span><\/p>\n<p>[\/et_pb_text][et_pb_text _builder_version=\u00bb4.27.4&#8243; _module_preset=\u00bbdefault\u00bb custom_margin=\u00bb-51px|||||\u00bb custom_padding=\u00bb0px|||||\u00bb global_colors_info=\u00bb{}\u00bb]<\/p>\n<p style=\"text-align: left;\"><span style=\"font-size: 16px;\">\u00a0<\/span><\/p>\n<table border=\"1\" style=\"height: 95px; width: 100%; border-style: solid; border-color: #78288c;\">\n<tbody>\n<tr style=\"height: 23px; background-color: rgba(0,73,132,0.87);\">\n<td style=\"width: 33.3333%; text-align: center; height: 23px;\"><span style=\"color: #ffffff;\"><strong>ALUMNO<\/strong><\/span><\/td>\n<td style=\"width: 33.3333%; text-align: center; height: 23px;\"><span style=\"color: #ffffff;\"><strong>COLEGIO<\/strong><\/span><\/td>\n<td style=\"width: 8.33335%; text-align: center; height: 23px;\"><span style=\"color: #ffffff;\"><strong>PROVINCIA<\/strong><\/span><\/td>\n<\/tr>\n<tr>\n<td style=\"width: 33.3333%;\">Riera Torraca Santino<\/td>\n<td width=\"464\" style=\"width: 33.3333%;\">Instituto Austral De Ense\u00f1anza<\/td>\n<td style=\"width: 8.33335%; text-align: center;\">Comodoro Rivadavia<br \/>\nChubut<\/td>\n<\/tr>\n<tr height=\"41\" style=\"height: 30.6pt;\">\n<td height=\"41\" class=\"xl65\" width=\"83\" style=\"height: 30.6pt; width: 33.3333%;\">Delorenzi Rey Juan Pablo<\/td>\n<td width=\"464\" style=\"width: 33.3333%;\">Colegio Fasta Miguel \u00c1ngel Tobares<\/td>\n<td height=\"21\" class=\"xl65\" style=\"height: 24px; width: 8.33335%; text-align: center;\">San Mart\u00edn de los Andes<br \/>\nNeuquen<\/td>\n<\/tr>\n<\/tbody>\n<\/table>\n<p>&nbsp;[\/et_pb_text][\/et_pb_column][\/et_pb_row][\/et_pb_section]<\/p>\n","protected":false},"excerpt":{"rendered":"<p>OATEC 2025EXAMENES\u00a0 &gt;&gt;\u00a0 1\u00b0 INSTANCIA\u00a0 &gt;&gt; \u00a0FINALISTAS OATEC 2025 FINALISTAS OATEC 2025 ZONA 1 &#8211; REGI\u00d3N A ALUMNO COLEGIO PROVINCIA Gomez Scardino Facundo Lautaro Instituto Calasancio Divina Pastora CABABuenos Aires Lancestremere Lewi Santino Instituto Pestalozzi CABABuenos Aires Arroyuelo Guasco Mar\u00eda Sol Instituto Marianista CABABuenos Aires Spelta Walker Sebasti\u00e1n Escuela T\u00e9cnica Roberto Rocca CampanaPcia de Buenos [&hellip;]<\/p>\n","protected":false},"author":4,"featured_media":0,"parent":0,"menu_order":0,"comment_status":"closed","ping_status":"closed","template":"","meta":{"_et_pb_use_builder":"on","_et_pb_old_content":"","_et_gb_content_width":"","footnotes":""},"class_list":["post-1335","page","type-page","status-publish","hentry"],"_links":{"self":[{"href":"https:\/\/www.oatec.org.ar\/index.php\/wp-json\/wp\/v2\/pages\/1335","targetHints":{"allow":["GET"]}}],"collection":[{"href":"https:\/\/www.oatec.org.ar\/index.php\/wp-json\/wp\/v2\/pages"}],"about":[{"href":"https:\/\/www.oatec.org.ar\/index.php\/wp-json\/wp\/v2\/types\/page"}],"author":[{"embeddable":true,"href":"https:\/\/www.oatec.org.ar\/index.php\/wp-json\/wp\/v2\/users\/4"}],"replies":[{"embeddable":true,"href":"https:\/\/www.oatec.org.ar\/index.php\/wp-json\/wp\/v2\/comments?post=1335"}],"version-history":[{"count":41,"href":"https:\/\/www.oatec.org.ar\/index.php\/wp-json\/wp\/v2\/pages\/1335\/revisions"}],"predecessor-version":[{"id":2649,"href":"https:\/\/www.oatec.org.ar\/index.php\/wp-json\/wp\/v2\/pages\/1335\/revisions\/2649"}],"wp:attachment":[{"href":"https:\/\/www.oatec.org.ar\/index.php\/wp-json\/wp\/v2\/media?parent=1335"}],"curies":[{"name":"wp","href":"https:\/\/api.w.org\/{rel}","templated":true}]}}