{"id":164,"date":"2022-12-20T21:37:18","date_gmt":"2022-12-21T00:37:18","guid":{"rendered":"http:\/\/oatec.itba.edu.ar\/?page_id=164"},"modified":"2026-02-24T19:38:19","modified_gmt":"2026-02-24T22:38:19","slug":"videos","status":"publish","type":"page","link":"https:\/\/www.oatec.org.ar\/index.php\/videos\/","title":{"rendered":"Videos"},"content":{"rendered":"<p>[et_pb_section fb_built=\u00bb1&#8243; inner_shadow=\u00bbon\u00bb fullwidth=\u00bbon\u00bb _builder_version=\u00bb4.16&#8243; background_color=\u00bb#ffffff\u00bb top_divider_style=\u00bbcurve2&#8243; top_divider_color=\u00bbrgba(0,0,0,0.22)\u00bb top_divider_height=\u00bb19px\u00bb box_shadow_style=\u00bbpreset6&#8243; global_colors_info=\u00bb{}\u00bb][et_pb_fullwidth_header text_orientation=\u00bbcenter\u00bb background_overlay_color=\u00bbrgba(120,229,18,0.63)\u00bb module_id=\u00bb.et_pb_section\u00bb module_class=\u00bb.et_pb_section\u00bb _builder_version=\u00bb4.27.4&#8243; content_font=\u00bbComfortaa||||||||\u00bb content_text_align=\u00bbcenter\u00bb background_color=\u00bb#7ebec5&#8243; parallax=\u00bbon\u00bb background_layout=\u00bblight\u00bb max_width_tablet=\u00bb50px\u00bb child_filter_saturate=\u00bb41%\u00bb child_filter_opacity=\u00bb0%\u00bb custom_css_main_element=\u00bbpadding-top:0px;\u00bb custom_css_header_container=\u00bbheight:10px;||max-height: 80px;\u00bb text_shadow_style=\u00bbpreset5&#8243; global_colors_info=\u00bb{}\u00bb button_one_text_size__hover_enabled=\u00bboff\u00bb button_one_text_size__hover=\u00bbnull\u00bb button_two_text_size__hover_enabled=\u00bboff\u00bb button_two_text_size__hover=\u00bbnull\u00bb button_one_text_color__hover_enabled=\u00bboff\u00bb button_one_text_color__hover=\u00bbnull\u00bb button_two_text_color__hover_enabled=\u00bboff\u00bb button_two_text_color__hover=\u00bbnull\u00bb button_one_border_width__hover_enabled=\u00bboff\u00bb button_one_border_width__hover=\u00bbnull\u00bb button_two_border_width__hover_enabled=\u00bboff\u00bb button_two_border_width__hover=\u00bbnull\u00bb button_one_border_color__hover_enabled=\u00bboff\u00bb button_one_border_color__hover=\u00bbnull\u00bb button_two_border_color__hover_enabled=\u00bboff\u00bb button_two_border_color__hover=\u00bbnull\u00bb button_one_border_radius__hover_enabled=\u00bboff\u00bb button_one_border_radius__hover=\u00bbnull\u00bb button_two_border_radius__hover_enabled=\u00bboff\u00bb button_two_border_radius__hover=\u00bbnull\u00bb button_one_letter_spacing__hover_enabled=\u00bbon\u00bb button_one_letter_spacing__hover=\u00bb0&#8243; button_two_letter_spacing__hover_enabled=\u00bbon\u00bb button_two_letter_spacing__hover=\u00bb0&#8243; button_one_bg_color__hover_enabled=\u00bboff\u00bb button_one_bg_color__hover=\u00bbnull\u00bb button_two_bg_color__hover_enabled=\u00bboff\u00bb button_two_bg_color__hover=\u00bbnull\u00bb]<\/p>\n<p style=\"text-align: center;\"><span style=\"color: #ffffff;\">OATEC 2026<\/span><\/p>\n<p>[\/et_pb_fullwidth_header][\/et_pb_section][et_pb_section fb_built=\u00bb1&#8243; custom_padding_last_edited=\u00bbon|desktop\u00bb disabled_on=\u00bboff|off|off\u00bb admin_label=\u00bbsection\u00bb _builder_version=\u00bb4.23.1&#8243; background_color=\u00bb#f4f4f4&#8243; custom_padding_tablet=\u00bb50px|0|50px|0&#8243; custom_padding_phone=\u00bb\u00bb transparent_background=\u00bboff\u00bb padding_mobile=\u00bboff\u00bb make_fullwidth=\u00bboff\u00bb use_custom_width=\u00bboff\u00bb width_unit=\u00bbon\u00bb global_colors_info=\u00bb{}\u00bb][et_pb_row _builder_version=\u00bb4.16&#8243; background_size=\u00bbinitial\u00bb background_position=\u00bbtop_left\u00bb background_repeat=\u00bbrepeat\u00bb global_colors_info=\u00bb{}\u00bb][et_pb_column type=\u00bb4_4&#8243; _builder_version=\u00bb4.16&#8243; custom_padding=\u00bb|||\u00bb global_colors_info=\u00bb{}\u00bb custom_padding__hover=\u00bb|||\u00bb][et_pb_text _builder_version=\u00bb4.19.3&#8243; background_size=\u00bbinitial\u00bb background_position=\u00bbtop_left\u00bb background_repeat=\u00bbrepeat\u00bb custom_padding=\u00bb1px||1px|||\u00bb use_border_color=\u00bboff\u00bb global_colors_info=\u00bb{}\u00bb]<\/p>\n<p style=\"text-align: right;color: #93bb3b\"><a href=\"https:\/\/www.oatec.org.ar\/index.php\/historial\/\">HISTORIAL\u00a0 <\/a><span style=\"color: #a6a6a6\">&gt;&gt;\u00a0 <\/span>VIDEOS<\/p>\n<p>[\/et_pb_text][\/et_pb_column][\/et_pb_row][et_pb_row padding_mobile=\u00bboff\u00bb column_padding_mobile=\u00bbon\u00bb admin_label=\u00bbrow\u00bb _builder_version=\u00bb4.16&#8243; background_size=\u00bbinitial\u00bb background_position=\u00bbtop_left\u00bb background_repeat=\u00bbrepeat\u00bb custom_width_px=\u00bb550px\u00bb global_colors_info=\u00bb{}\u00bb][et_pb_column type=\u00bb4_4&#8243; _builder_version=\u00bb4.16&#8243; custom_padding=\u00bb|||\u00bb global_colors_info=\u00bb{}\u00bb custom_padding__hover=\u00bb|||\u00bb][et_pb_text _builder_version=\u00bb4.27.4&#8243; text_font=\u00bbAbel||||||||\u00bb text_text_color=\u00bb#ffffff\u00bb text_letter_spacing=\u00bb2px\u00bb background_color=\u00bb#515151&#8243; background_size=\u00bbinitial\u00bb background_position=\u00bbtop_left\u00bb background_repeat=\u00bbrepeat\u00bb custom_margin=\u00bb||52px|||\u00bb custom_css_main_element=\u00bbmax-width: 780px;||margin:auto;||padding-top:5px;||padding-bottom:5px;||\u00bb custom_css_after=\u00bbmax-width: 780px;||margin:auto;||padding-top:5px;||padding-bottom:5px;\u00bb box_shadow_style=\u00bbpreset2&#8243; use_border_color=\u00bboff\u00bb global_colors_info=\u00bb{}\u00bb]<\/p>\n<p style=\"text-align: center;\">ANIMATE A SER PROTAGONISTA DE UN DESAF\u00cdO \u00daNICO<\/p>\n<p>[\/et_pb_text][et_pb_text _builder_version=\u00bb4.27.4&#8243; text_font=\u00bbAbel||||||||\u00bb text_text_color=\u00bb#ffffff\u00bb text_letter_spacing=\u00bb2px\u00bb background_color=\u00bb#7CDA24&#8243; background_size=\u00bbinitial\u00bb background_position=\u00bbtop_left\u00bb background_repeat=\u00bbrepeat\u00bb min_height=\u00bb12.4px\u00bb custom_margin=\u00bb||7px|||\u00bb hover_enabled=\u00bb0&#8243; custom_css_main_element=\u00bbmax-width: 780px;||margin:auto;||padding-top:5px;||padding-bottom:5px;||\u00bb custom_css_after=\u00bbmax-width: 780px;||margin:auto;||padding-top:5px;||padding-bottom:5px;\u00bb box_shadow_style=\u00bbpreset2&#8243; use_border_color=\u00bboff\u00bb global_colors_info=\u00bb{}\u00bb sticky_enabled=\u00bb0&#8243;]<\/p>\n<p style=\"text-align: center;\">Instancia final OATec 2025 &#8211; Urbanismo y tecnolog\u00eda<\/p>\n<p>[\/et_pb_text][et_pb_video_slider show_image_overlay=\u00bbon\u00bb controls_color=\u00bblight\u00bb _builder_version=\u00bb4.27.4&#8243; min_height=\u00bb466.1px\u00bb hover_enabled=\u00bb0&#8243; custom_css_main_element=\u00bbmax-width: 780px;||margin:auto;||\u00bb custom_css_after=\u00bbmax-width: 780px;||margin:auto;||\u00bb global_colors_info=\u00bb{}\u00bb sticky_enabled=\u00bb0&#8243;][et_pb_video_slider_item src=\u00bbwww.youtube.com\/watch?v=Z3Y4MiOGA4o\u00bb _builder_version=\u00bb4.27.4&#8243; _module_preset=\u00bbdefault\u00bb hover_enabled=\u00bb0&#8243; global_colors_info=\u00bb{}\u00bb show_image_overlay=\u00bbon\u00bb sticky_enabled=\u00bb0&#8243;][\/et_pb_video_slider_item][\/et_pb_video_slider][et_pb_text _builder_version=\u00bb4.27.4&#8243; text_font=\u00bbAbel||||||||\u00bb text_text_color=\u00bb#ffffff\u00bb text_letter_spacing=\u00bb2px\u00bb background_color=\u00bb#7CDA24&#8243; background_size=\u00bbinitial\u00bb background_position=\u00bbtop_left\u00bb background_repeat=\u00bbrepeat\u00bb min_height=\u00bb12.4px\u00bb custom_margin=\u00bb||7px|||\u00bb custom_css_main_element=\u00bbmax-width: 780px;||margin:auto;||padding-top:5px;||padding-bottom:5px;||\u00bb custom_css_after=\u00bbmax-width: 780px;||margin:auto;||padding-top:5px;||padding-bottom:5px;\u00bb box_shadow_style=\u00bbpreset2&#8243; use_border_color=\u00bboff\u00bb global_colors_info=\u00bb{}\u00bb]<\/p>\n<p style=\"text-align: center;\">Instancia final OATec 2024 &#8211; Tecnolog\u00eda en el agro<\/p>\n<p>[\/et_pb_text][et_pb_video_slider show_image_overlay=\u00bbon\u00bb controls_color=\u00bblight\u00bb _builder_version=\u00bb4.27.4&#8243; min_height=\u00bb466.1px\u00bb custom_css_main_element=\u00bbmax-width: 780px;||margin:auto;||\u00bb custom_css_after=\u00bbmax-width: 780px;||margin:auto;||\u00bb global_colors_info=\u00bb{}\u00bb][et_pb_video_slider_item src=\u00bbhttps:\/\/www.youtube.com\/watch?v=IdJJmA-Z7Ng&#038;t=1s\u00bb _builder_version=\u00bb4.27.4&#8243; _module_preset=\u00bbdefault\u00bb global_colors_info=\u00bb{}\u00bb show_image_overlay=\u00bbon\u00bb][\/et_pb_video_slider_item][\/et_pb_video_slider][et_pb_text _builder_version=\u00bb4.25.2&#8243; text_font=\u00bbAbel||||||||\u00bb text_text_color=\u00bb#ffffff\u00bb text_letter_spacing=\u00bb2px\u00bb background_color=\u00bb#7CDA24&#8243; background_size=\u00bbinitial\u00bb background_position=\u00bbtop_left\u00bb background_repeat=\u00bbrepeat\u00bb min_height=\u00bb12.4px\u00bb custom_margin=\u00bb53px||7px|||\u00bb custom_css_main_element=\u00bbmax-width: 780px;||margin:auto;||padding-top:5px;||padding-bottom:5px;||\u00bb custom_css_after=\u00bbmax-width: 780px;||margin:auto;||padding-top:5px;||padding-bottom:5px;\u00bb box_shadow_style=\u00bbpreset2&#8243; use_border_color=\u00bboff\u00bb global_colors_info=\u00bb{}\u00bb]<\/p>\n<p style=\"text-align: center;\">Acto de Lanzamiento 2024 &#8211; Tecnolog\u00eda en el Agro<\/p>\n<p>[\/et_pb_text][et_pb_video_slider show_image_overlay=\u00bbon\u00bb controls_color=\u00bblight\u00bb _builder_version=\u00bb4.25.2&#8243; min_height=\u00bb466.1px\u00bb custom_css_main_element=\u00bbmax-width: 780px;||margin:auto;||\u00bb custom_css_after=\u00bbmax-width: 780px;||margin:auto;||\u00bb global_colors_info=\u00bb{}\u00bb][et_pb_video_slider_item src=\u00bbhttps:\/\/www.youtube.com\/watch?v=501U6oPAIqc\u00bb _builder_version=\u00bb4.25.2&#8243; _module_preset=\u00bbdefault\u00bb global_colors_info=\u00bb{}\u00bb show_image_overlay=\u00bbon\u00bb][\/et_pb_video_slider_item][\/et_pb_video_slider][\/et_pb_column][\/et_pb_row][et_pb_row padding_mobile=\u00bboff\u00bb column_padding_mobile=\u00bbon\u00bb disabled_on=\u00bboff|off|off\u00bb admin_label=\u00bbrow\u00bb _builder_version=\u00bb4.25.2&#8243; background_size=\u00bbinitial\u00bb background_position=\u00bbtop_left\u00bb background_repeat=\u00bbrepeat\u00bb custom_width_px=\u00bb550px\u00bb global_colors_info=\u00bb{}\u00bb][et_pb_column type=\u00bb4_4&#8243; _builder_version=\u00bb4.16&#8243; custom_padding=\u00bb|||\u00bb global_colors_info=\u00bb{}\u00bb custom_padding__hover=\u00bb|||\u00bb][et_pb_text _builder_version=\u00bb4.23.1&#8243; text_font=\u00bbAbel||||||||\u00bb text_text_color=\u00bb#ffffff\u00bb text_letter_spacing=\u00bb2px\u00bb background_color=\u00bb#7CDA24&#8243; background_size=\u00bbinitial\u00bb background_position=\u00bbtop_left\u00bb background_repeat=\u00bbrepeat\u00bb min_height=\u00bb12.4px\u00bb custom_margin=\u00bb||7px|||\u00bb custom_css_main_element=\u00bbmax-width: 780px;||margin:auto;||padding-top:5px;||padding-bottom:5px;||\u00bb custom_css_after=\u00bbmax-width: 780px;||margin:auto;||padding-top:5px;||padding-bottom:5px;\u00bb box_shadow_style=\u00bbpreset2&#8243; use_border_color=\u00bboff\u00bb global_colors_info=\u00bb{}\u00bb]<\/p>\n<p style=\"text-align: center;\">Instancia final OATec 2023 &#8211; Tecnolog\u00eda en las ciencias de la vida<\/p>\n<p>[\/et_pb_text][et_pb_video_slider show_image_overlay=\u00bbon\u00bb controls_color=\u00bblight\u00bb _builder_version=\u00bb4.25.2&#8243; min_height=\u00bb466.1px\u00bb custom_css_main_element=\u00bbmax-width: 780px;||margin:auto;||\u00bb custom_css_after=\u00bbmax-width: 780px;||margin:auto;||\u00bb global_colors_info=\u00bb{}\u00bb][et_pb_video_slider_item src=\u00bbhttps:\/\/www.youtube.com\/watch?v=t6yAEOx95jg\u00bb _builder_version=\u00bb4.25.2&#8243; _module_preset=\u00bbdefault\u00bb global_colors_info=\u00bb{}\u00bb show_image_overlay=\u00bbon\u00bb][\/et_pb_video_slider_item][\/et_pb_video_slider][\/et_pb_column][\/et_pb_row][et_pb_row _builder_version=\u00bb4.16&#8243; background_size=\u00bbinitial\u00bb background_position=\u00bbtop_left\u00bb background_repeat=\u00bbrepeat\u00bb global_colors_info=\u00bb{}\u00bb][et_pb_column type=\u00bb4_4&#8243; _builder_version=\u00bb4.16&#8243; custom_padding=\u00bb|||\u00bb global_colors_info=\u00bb{}\u00bb custom_padding__hover=\u00bb|||\u00bb][\/et_pb_column][\/et_pb_row][et_pb_row disabled_on=\u00bbon|on|on\u00bb _builder_version=\u00bb4.16&#8243; background_size=\u00bbinitial\u00bb background_position=\u00bbtop_left\u00bb background_repeat=\u00bbrepeat\u00bb disabled=\u00bbon\u00bb global_colors_info=\u00bb{}\u00bb][et_pb_column type=\u00bb4_4&#8243; _builder_version=\u00bb4.16&#8243; custom_padding=\u00bb|||\u00bb global_colors_info=\u00bb{}\u00bb custom_padding__hover=\u00bb|||\u00bb][et_pb_text _builder_version=\u00bb4.19.3&#8243; text_font=\u00bbAbel||||||||\u00bb text_text_color=\u00bb#ffffff\u00bb text_letter_spacing=\u00bb2px\u00bb background_color=\u00bb#78288c\u00bb background_size=\u00bbinitial\u00bb background_position=\u00bbtop_left\u00bb background_repeat=\u00bbrepeat\u00bb custom_css_main_element=\u00bbmax-width: 780px;||margin:auto;||padding-top:5px;||padding-bottom:5px;||\u00bb custom_css_after=\u00bbmax-width: 780px;||margin:auto;||padding-top:5px;||padding-bottom:5px;\u00bb box_shadow_style=\u00bbpreset2&#8243; use_border_color=\u00bboff\u00bb global_colors_info=\u00bb{}\u00bb]<\/p>\n<p style=\"text-align: center\">TALLERES DE DEBATE Y REFLEXI\u00d3N<br \/>&#8211; Instancia Final OATec 2016 &#8211;<\/p>\n<p>[\/et_pb_text][et_pb_video_slider show_image_overlay=\u00bbon\u00bb controls_color=\u00bblight\u00bb disabled_on=\u00bbon|on|on\u00bb _builder_version=\u00bb4.25.2&#8243; custom_css_main_element=\u00bbmax-width: 780px;||margin:auto;||\u00bb custom_css_after=\u00bbmax-width: 780px;||margin:auto;||\u00bb disabled=\u00bbon\u00bb global_colors_info=\u00bb{}\u00bb][et_pb_video_slider_item src=\u00bbhttps:\/\/www.youtube.com\/watch?v=501U6oPAIqc\u00bb _builder_version=\u00bb4.25.2&#8243; _module_preset=\u00bbdefault\u00bb global_colors_info=\u00bb{}\u00bb show_image_overlay=\u00bbon\u00bb][\/et_pb_video_slider_item][et_pb_video_slider_item src=\u00bbhttps:\/\/www.youtube.com\/watch?v=wxSEeKzYAno\u00bb _builder_version=\u00bb4.14.2&#8243; _module_preset=\u00bbdefault\u00bb global_colors_info=\u00bb{}\u00bb show_image_overlay=\u00bbon\u00bb][\/et_pb_video_slider_item][et_pb_video_slider_item src=\u00bbhttps:\/\/www.youtube.com\/watch?v=uBHJKxCCD4s&#038;ab_channel=ITBAUniversidad\u00bb _builder_version=\u00bb4.14.2&#8243; global_colors_info=\u00bb{}\u00bb show_image_overlay=\u00bbon\u00bb][\/et_pb_video_slider_item][et_pb_video_slider_item src=\u00bbhttps:\/\/www.youtube.com\/watch?v=IVPn_TyFO94&#8243; _builder_version=\u00bb4.7.3&#8243; global_colors_info=\u00bb{}\u00bb show_image_overlay=\u00bbon\u00bb][\/et_pb_video_slider_item][et_pb_video_slider_item src=\u00bbhttps:\/\/www.youtube.com\/watch?v=72EA4DI38uw\u00bb _builder_version=\u00bb4.7.3&#8243; global_colors_info=\u00bb{}\u00bb show_image_overlay=\u00bbon\u00bb][\/et_pb_video_slider_item][et_pb_video_slider_item src=\u00bbhttps:\/\/www.youtube.com\/watch?v=QefK0H6DQGM\u00bb _builder_version=\u00bb4.7.3&#8243; global_colors_info=\u00bb{}\u00bb show_image_overlay=\u00bbon\u00bb][\/et_pb_video_slider_item][\/et_pb_video_slider][et_pb_video_slider show_image_overlay=\u00bbon\u00bb controls_color=\u00bblight\u00bb _builder_version=\u00bb4.16&#8243; custom_css_main_element=\u00bbmax-width: 780px;||margin:auto;||\u00bb custom_css_after=\u00bbmax-width: 780px;||margin:auto;||\u00bb global_colors_info=\u00bb{}\u00bb][et_pb_video_slider_item src=\u00bbhttps:\/\/www.youtube.com\/watch?v=ISl6kjsE5fU\u00bb _builder_version=\u00bb4.7.3&#8243; global_colors_info=\u00bb{}\u00bb show_image_overlay=\u00bbon\u00bb] [\/et_pb_video_slider_item][et_pb_video_slider_item src=\u00bbhttps:\/\/www.youtube.com\/watch?v=qiwfUTcVuQU\u00bb _builder_version=\u00bb4.7.3&#8243; global_colors_info=\u00bb{}\u00bb show_image_overlay=\u00bbon\u00bb] [\/et_pb_video_slider_item][et_pb_video_slider_item src=\u00bbhttps:\/\/www.youtube.com\/watch?v=CoRvSOub1Ug\u00bb _builder_version=\u00bb4.7.3&#8243; global_colors_info=\u00bb{}\u00bb show_image_overlay=\u00bbon\u00bb] [\/et_pb_video_slider_item][\/et_pb_video_slider][\/et_pb_column][\/et_pb_row][\/et_pb_section]<\/p>\n","protected":false},"excerpt":{"rendered":"<p>OATEC 2026HISTORIAL\u00a0 &gt;&gt;\u00a0 VIDEOSANIMATE A SER PROTAGONISTA DE UN DESAF\u00cdO \u00daNICOInstancia final OATec 2025 &#8211; Urbanismo y tecnolog\u00edaInstancia final OATec 2024 &#8211; Tecnolog\u00eda en el agroActo de Lanzamiento 2024 &#8211; Tecnolog\u00eda en el AgroInstancia final OATec 2023 &#8211; Tecnolog\u00eda en las ciencias de la vidaTALLERES DE DEBATE Y REFLEXI\u00d3N- Instancia Final OATec 2016 &#8211;<\/p>\n","protected":false},"author":4,"featured_media":0,"parent":0,"menu_order":0,"comment_status":"closed","ping_status":"closed","template":"","meta":{"_et_pb_use_builder":"on","_et_pb_old_content":"","_et_gb_content_width":"","footnotes":""},"class_list":["post-164","page","type-page","status-publish","hentry"],"_links":{"self":[{"href":"https:\/\/www.oatec.org.ar\/index.php\/wp-json\/wp\/v2\/pages\/164","targetHints":{"allow":["GET"]}}],"collection":[{"href":"https:\/\/www.oatec.org.ar\/index.php\/wp-json\/wp\/v2\/pages"}],"about":[{"href":"https:\/\/www.oatec.org.ar\/index.php\/wp-json\/wp\/v2\/types\/page"}],"author":[{"embeddable":true,"href":"https:\/\/www.oatec.org.ar\/index.php\/wp-json\/wp\/v2\/users\/4"}],"replies":[{"embeddable":true,"href":"https:\/\/www.oatec.org.ar\/index.php\/wp-json\/wp\/v2\/comments?post=164"}],"version-history":[{"count":24,"href":"https:\/\/www.oatec.org.ar\/index.php\/wp-json\/wp\/v2\/pages\/164\/revisions"}],"predecessor-version":[{"id":2810,"href":"https:\/\/www.oatec.org.ar\/index.php\/wp-json\/wp\/v2\/pages\/164\/revisions\/2810"}],"wp:attachment":[{"href":"https:\/\/www.oatec.org.ar\/index.php\/wp-json\/wp\/v2\/media?parent=164"}],"curies":[{"name":"wp","href":"https:\/\/api.w.org\/{rel}","templated":true}]}}