{"id":260,"date":"2022-12-26T12:37:59","date_gmt":"2022-12-26T15:37:59","guid":{"rendered":"http:\/\/oatec.itba.edu.ar\/?page_id=260"},"modified":"2026-05-04T16:01:46","modified_gmt":"2026-05-04T19:01:46","slug":"temario-y-bibliografia","status":"publish","type":"page","link":"https:\/\/www.oatec.org.ar\/index.php\/temario-y-bibliografia\/","title":{"rendered":"Temario y bibliograf\u00eda"},"content":{"rendered":"<p>[et_pb_section fb_built=\u00bb1&#8243; inner_shadow=\u00bbon\u00bb fullwidth=\u00bbon\u00bb _builder_version=\u00bb4.16&#8243; background_color=\u00bb#ffffff\u00bb top_divider_style=\u00bbcurve2&#8243; top_divider_color=\u00bbrgba(0,0,0,0.22)\u00bb top_divider_height=\u00bb19px\u00bb box_shadow_style=\u00bbpreset6&#8243; global_colors_info=\u00bb{}\u00bb][et_pb_fullwidth_header text_orientation=\u00bbcenter\u00bb background_overlay_color=\u00bbrgba(120,229,18,0.63)\u00bb module_id=\u00bb.et_pb_section\u00bb module_class=\u00bb.et_pb_section\u00bb _builder_version=\u00bb4.16&#8243; content_font=\u00bbComfortaa||||||||\u00bb content_text_align=\u00bbcenter\u00bb background_color=\u00bb#7ebec5&#8243; parallax=\u00bbon\u00bb background_layout=\u00bblight\u00bb max_width_tablet=\u00bb50px\u00bb child_filter_saturate=\u00bb41%\u00bb child_filter_opacity=\u00bb0%\u00bb custom_css_main_element=\u00bbpadding-top:0px;\u00bb custom_css_header_container=\u00bbheight:10px;||max-height: 80px;\u00bb text_shadow_style=\u00bbpreset5&#8243; global_colors_info=\u00bb{}\u00bb button_one_text_size__hover_enabled=\u00bboff\u00bb button_one_text_size__hover=\u00bbnull\u00bb button_two_text_size__hover_enabled=\u00bboff\u00bb button_two_text_size__hover=\u00bbnull\u00bb button_one_text_color__hover_enabled=\u00bboff\u00bb button_one_text_color__hover=\u00bbnull\u00bb button_two_text_color__hover_enabled=\u00bboff\u00bb button_two_text_color__hover=\u00bbnull\u00bb button_one_border_width__hover_enabled=\u00bboff\u00bb button_one_border_width__hover=\u00bbnull\u00bb button_two_border_width__hover_enabled=\u00bboff\u00bb button_two_border_width__hover=\u00bbnull\u00bb button_one_border_color__hover_enabled=\u00bboff\u00bb button_one_border_color__hover=\u00bbnull\u00bb button_two_border_color__hover_enabled=\u00bboff\u00bb button_two_border_color__hover=\u00bbnull\u00bb button_one_border_radius__hover_enabled=\u00bboff\u00bb button_one_border_radius__hover=\u00bbnull\u00bb button_two_border_radius__hover_enabled=\u00bboff\u00bb button_two_border_radius__hover=\u00bbnull\u00bb button_one_letter_spacing__hover_enabled=\u00bbon\u00bb button_one_letter_spacing__hover=\u00bb0&#8243; button_two_letter_spacing__hover_enabled=\u00bbon\u00bb button_two_letter_spacing__hover=\u00bb0&#8243; button_one_bg_color__hover_enabled=\u00bboff\u00bb button_one_bg_color__hover=\u00bbnull\u00bb button_two_bg_color__hover_enabled=\u00bboff\u00bb button_two_bg_color__hover=\u00bbnull\u00bb]<\/p>\n<p style=\"text-align: center;\"><span style=\"color: #ffffff;\">OATEC 2026<\/span><\/p>\n<p>[\/et_pb_fullwidth_header][\/et_pb_section][et_pb_section fb_built=\u00bb1&#8243; custom_padding_last_edited=\u00bbon|desktop\u00bb admin_label=\u00bbsection\u00bb _builder_version=\u00bb4.16&#8243; background_color=\u00bb#f4f4f4&#8243; custom_padding_tablet=\u00bb50px|0|50px|0&#8243; custom_padding_phone=\u00bb\u00bb transparent_background=\u00bboff\u00bb padding_mobile=\u00bboff\u00bb make_fullwidth=\u00bboff\u00bb use_custom_width=\u00bboff\u00bb width_unit=\u00bbon\u00bb global_colors_info=\u00bb{}\u00bb][et_pb_row padding_mobile=\u00bboff\u00bb column_padding_mobile=\u00bbon\u00bb admin_label=\u00bbrow\u00bb _builder_version=\u00bb4.16&#8243; background_size=\u00bbinitial\u00bb background_position=\u00bbtop_left\u00bb background_repeat=\u00bbrepeat\u00bb custom_width_px=\u00bb550px\u00bb global_colors_info=\u00bb{}\u00bb][et_pb_column type=\u00bb4_4&#8243; _builder_version=\u00bb4.16&#8243; custom_padding=\u00bb|||\u00bb global_colors_info=\u00bb{}\u00bb custom_padding__hover=\u00bb|||\u00bb][et_pb_text _builder_version=\u00bb4.19.3&#8243; background_size=\u00bbinitial\u00bb background_position=\u00bbtop_left\u00bb background_repeat=\u00bbrepeat\u00bb use_border_color=\u00bboff\u00bb global_colors_info=\u00bb{}\u00bb]<\/p>\n<p style=\"text-align: right; color: #93bb3b;\"><a href=\"https:\/\/www.oatec.org.ar\/index.php\/examenes\/\">EX\u00c1MENES\u00a0<\/a> <span style=\"color: #a6a6a6;\"> &gt;&gt; <\/span>\u00a0TEMARIO Y BIBLIOGRAF\u00cdA<\/p>\n<p>[\/et_pb_text][et_pb_text _builder_version=\u00bb4.16&#8243; background_size=\u00bbinitial\u00bb background_position=\u00bbtop_left\u00bb background_repeat=\u00bbrepeat\u00bb use_border_color=\u00bboff\u00bb border_color=\u00bb#ffffff\u00bb border_style=\u00bbsolid\u00bb global_colors_info=\u00bb{}\u00bb]<\/p>\n<div class=\"row\">\n<div class=\"col-md-12\">\n<h1 class=\"col-md-12 section-title;\" style=\"line-height: 40px\">TEMARIO Y BIBLIOGRAF\u00cdA<\/h1>\n<\/div>\n<\/div>\n<p>[\/et_pb_text][et_pb_divider color=\u00bb#81d742&#8243; divider_weight=\u00bb2&#8243; _builder_version=\u00bb4.16&#8243; height=\u00bb2px\u00bb custom_margin=\u00bb||31px|||\u00bb hide_on_mobile=\u00bboff\u00bb global_colors_info=\u00bb{}\u00bb][\/et_pb_divider][et_pb_text disabled_on=\u00bboff|off|off\u00bb _builder_version=\u00bb4.27.6&#8243; text_text_color=\u00bb#0C71C3&#8243; background_size=\u00bbinitial\u00bb background_position=\u00bbtop_left\u00bb background_repeat=\u00bbrepeat\u00bb custom_margin=\u00bb-3px|836px|||false|false\u00bb custom_padding=\u00bb10px|11px||10px|false|false\u00bb border_width_all=\u00bb2px\u00bb border_color_all=\u00bb#002251&#8243; use_border_color=\u00bboff\u00bb border_color=\u00bb#ffffff\u00bb border_style=\u00bbsolid\u00bb global_colors_info=\u00bb{}\u00bb]<\/p>\n<h4>INSTANCIA LOCAL<\/h4>\n<p>[\/et_pb_text][et_pb_text disabled_on=\u00bboff|off|off\u00bb _builder_version=\u00bb4.27.6&#8243; global_colors_info=\u00bb{}\u00bb]<\/p>\n<p>La instancia local eval\u00faa la capacidad de analizar, interpretar y resolver problemas vinculados a sistemas f\u00edsicos, materiales y ambientales.<br \/>El examen se compone de preguntas de opci\u00f3n m\u00faltiple basadas en situaciones concretas que requieren aplicar conceptos cient\u00edficos en contextos generales.<\/p>\n<p>[\/et_pb_text][et_pb_button button_url=\u00bbhttps:\/\/oatec-nv.s3.amazonaws.com\/wp-content\/uploads\/2026\/05\/Temario-Examen-Local-2026.pdf\u00bb url_new_window=\u00bbon\u00bb button_text=\u00bbTemario Instancia Local \u00bb disabled_on=\u00bboff|off|off\u00bb _builder_version=\u00bb4.27.6&#8243; _module_preset=\u00bbdefault\u00bb custom_button=\u00bbon\u00bb button_text_size=\u00bb16px\u00bb button_text_color=\u00bb#ffffff\u00bb button_bg_color=\u00bbrgba(35,93,155,0.92)\u00bb button_border_color=\u00bb#ffffff\u00bb button_icon=\u00bb&#xe071;||divi||400&#8243; button_on_hover=\u00bboff\u00bb vertical_offset_tablet=\u00bb0&#8243; horizontal_offset_tablet=\u00bb0&#8243; hover_enabled=\u00bb0&#8243; z_index_tablet=\u00bb0&#8243; button_text_shadow_horizontal_length_tablet=\u00bb0px\u00bb button_text_shadow_vertical_length_tablet=\u00bb0px\u00bb button_text_shadow_blur_strength_tablet=\u00bb1px\u00bb box_shadow_style=\u00bbpreset2&#8243; global_colors_info=\u00bb{}\u00bb sticky_enabled=\u00bb0&#8243;][\/et_pb_button][et_pb_text disabled_on=\u00bboff|off|off\u00bb _builder_version=\u00bb4.27.6&#8243; custom_margin=\u00bb67px|||||\u00bb global_colors_info=\u00bb{}\u00bb]<\/p>\n<h4>BIBLIOGRAF\u00cdA PARA LA INSTANCIA LOCAL<\/h4>\n<p>[\/et_pb_text][\/et_pb_column][\/et_pb_row][et_pb_row padding_mobile=\u00bboff\u00bb column_padding_mobile=\u00bbon\u00bb disabled_on=\u00bboff|off|off\u00bb admin_label=\u00bbrow\u00bb _builder_version=\u00bb4.16&#8243; background_size=\u00bbinitial\u00bb background_position=\u00bbtop_left\u00bb background_repeat=\u00bbrepeat\u00bb custom_padding=\u00bb9px|||||\u00bb custom_width_px=\u00bb550px\u00bb global_colors_info=\u00bb{}\u00bb][et_pb_column type=\u00bb4_4&#8243; _builder_version=\u00bb4.16&#8243; custom_padding=\u00bb|||\u00bb global_colors_info=\u00bb{}\u00bb custom_padding__hover=\u00bb|||\u00bb][et_pb_divider show_divider=\u00bboff\u00bb _builder_version=\u00bb4.27.6&#8243; height=\u00bb2px\u00bb hide_on_mobile=\u00bboff\u00bb global_colors_info=\u00bb{}\u00bb][\/et_pb_divider][et_pb_accordion _builder_version=\u00bb4.27.6&#8243; _module_preset=\u00bbdefault\u00bb box_shadow_style=\u00bbpreset2&#8243; global_colors_info=\u00bb{}\u00bb][et_pb_accordion_item title=\u00bbI. Fundamentos de mec\u00e1nica, fluidos y termodin\u00e1mica\u00bb open=\u00bbon\u00bb _builder_version=\u00bb4.27.6&#8243; _module_preset=\u00bbdefault\u00bb background_color=\u00bb#FFFFFF\u00bb background_enable_color=\u00bbon\u00bb global_colors_info=\u00bb{}\u00bb]<\/p>\n<p><a href=\"https:\/\/www.oatec.org.ar\/wp-content\/uploads\/2026\/04\/Eje-1-Fundamentos-de-Mecanica-Fluidos-y-Calor.pdf\">Fundamentos de Mec\u00e1nica, Fluidos y Termodin\u00e1mica<\/a><\/p>\n<p>[\/et_pb_accordion_item][et_pb_accordion_item title=\u00bbII. Sistemas el\u00e9ctricos y matriz energ\u00e9tica\u00bb _builder_version=\u00bb4.27.6&#8243; _module_preset=\u00bbdefault\u00bb global_colors_info=\u00bb{}\u00bb open=\u00bboff\u00bb]<\/p>\n<p>II.I<a href=\"https:\/\/www.oatec.org.ar\/wp-content\/uploads\/2026\/04\/Eje-2.1-Introduccion-a-los-Circuitos-de-Corriente-Continua.pdf\">: Introducci\u00f3n a Circuitos de Corriente Continua<\/a><\/p>\n<p>II.II:<a href=\"https:\/\/www.oatec.org.ar\/wp-content\/uploads\/2026\/04\/Eje-2.2-Conectate-con-la-Energia.pdf\"> Conectate con la energ\u00eda<\/a><\/p>\n<p>II.III:<a href=\"https:\/\/www.oatec.org.ar\/wp-content\/uploads\/2026\/04\/Eje-2.3-Uso-Responsable-de-la-Energia.pdf\"> Uso responsable de la energ\u00eda\u00a0<\/a><\/p>\n<p>II.IV: <a href=\"https:\/\/www.educ.ar\/recursos\/50117\/gasoductos-y-lineas-de-alta-tension\">Operaci\u00f3n de gasoductos y redes de alta tensi\u00f3n<\/a><\/p>\n<p>II.V:<a href=\"https:\/\/www.educ.ar\/recursos\/50116\/energias-alternativas-solar-eolica-y-biogas\"> Generaci\u00f3n solar, e\u00f3lica y biog\u00e1s<\/a><\/p>\n<p>II.VI: <a href=\"https:\/\/www.educ.ar\/recursos\/50112\/energia-hidroelectrica\">Energ\u00eda Hidroel\u00e9ctrica<\/a><br \/><a href=\"https:\/\/www.oatec.org.ar\/wp-content\/uploads\/2026\/04\/Eje-2.6-Infografia-1-Hidroelectrica-scaled.png\">Infograf\u00eda Hidroel\u00e9ctrica\u00a0<\/a><\/p>\n<p>II.VII: <a href=\"https:\/\/www.educ.ar\/recursos\/50113\/la-energia-nuclear\">Energ\u00eda nuclear<\/a><br \/><a href=\"https:\/\/www.oatec.org.ar\/wp-content\/uploads\/2026\/04\/Eje-2.7-Infografia-2-Nuclear-scaled.png\">Infograf\u00eda Nuclear<\/a><\/p>\n<p>II.VIII: <a href=\"https:\/\/www.educ.ar\/recursos\/50115\/biocombustibles\">Biocombustibles<\/a><br \/><a href=\"https:\/\/www.oatec.org.ar\/wp-content\/uploads\/2026\/04\/Eje-2.8-Infografia-3-biocombustibles-scaled.png\">Infograf\u00eda Biocombustibles<\/a><\/p>\n<p>[\/et_pb_accordion_item][et_pb_accordion_item title=\u00bbIII. Qu\u00edmica de la materia y sus transformaciones\u00bb _builder_version=\u00bb4.27.6&#8243; _module_preset=\u00bbdefault\u00bb global_colors_info=\u00bb{}\u00bb open=\u00bboff\u00bb]<\/p>\n<p><a href=\"https:\/\/www.oatec.org.ar\/wp-content\/uploads\/2026\/04\/Eje-3-Quimica-de-la-Materia-y-sus-Transformaciones.pdf\">Qu\u00edmica de la materia y sus transformaciones<\/a><\/p>\n<p>[\/et_pb_accordion_item][et_pb_accordion_item title=\u00bbIV. Bi\u00f3sfera, clima y sostenibilidad\u00bb _builder_version=\u00bb4.27.6&#8243; _module_preset=\u00bbdefault\u00bb global_colors_info=\u00bb{}\u00bb open=\u00bboff\u00bb]<\/p>\n<p><a href=\"https:\/\/www.oatec.org.ar\/wp-content\/uploads\/2026\/04\/Eje-4-Celulas-Procariotas-y-Eucariotas.pdf\">C\u00e9lulas Procariotas y Eucariotas<\/a><\/p>\n<p><a href=\"https:\/\/www.youtube.com\/watch?v=uNH8WgsBx90\">Factores del Clima<\/a><\/p>\n<p><a href=\"https:\/\/www.fundacionaquae.org\/ciclos-biogeoquimicos-reciclaje-natural\/\">Ciclos biogeoqu\u00edmicos<\/a><\/p>\n<p><a href=\"https:\/\/www.fundacionaquae.org\/wiki\/el-ciclo-del-agua-un-viaje-con-retorno\/\">El ciclo del Agua<\/a><\/p>\n<p><a href=\"https:\/\/gml.noaa.gov\/education\/carbon_toolkit\/\">Efecto Invernadero<\/a><\/p>\n<p><a href=\"https:\/\/www.nationalgeographicla.com\/medio-ambiente\/que-es-huella-de-carbono-como-se-mide\">Huella de Carbono<\/a><\/p>\n<p>[\/et_pb_accordion_item][\/et_pb_accordion][\/et_pb_column][\/et_pb_row][et_pb_row module_id=\u00bbchapter_2&#8243; _builder_version=\u00bb4.16&#8243; global_colors_info=\u00bb{}\u00bb][et_pb_column type=\u00bb4_4&#8243; _builder_version=\u00bb4.16&#8243; custom_padding=\u00bb|||\u00bb global_colors_info=\u00bb{}\u00bb custom_padding__hover=\u00bb|||\u00bb][et_pb_text disabled_on=\u00bboff|off|off\u00bb _builder_version=\u00bb4.27.6&#8243; _module_preset=\u00bbdefault\u00bb custom_margin=\u00bb|804px||||\u00bb custom_padding=\u00bb10px|0px||10px|false|false\u00bb border_width_all=\u00bb2px\u00bb border_color_all=\u00bb#002251&#8243; global_colors_info=\u00bb{}\u00bb]<\/p>\n<h4>INSTANCIA REGIONAL<\/h4>\n<p>[\/et_pb_text][et_pb_text disabled_on=\u00bboff|off|off\u00bb _builder_version=\u00bb4.27.6&#8243; global_colors_info=\u00bb{}\u00bb]<\/p>\n<p>El temario y la bibliograf\u00eda detallada sobre el eje tem\u00e1tico anual se encontrar\u00e1n disponibles pr\u00f3ximamente en esta secci\u00f3n.<\/p>\n<p>[\/et_pb_text][et_pb_divider show_divider=\u00bboff\u00bb _builder_version=\u00bb4.16&#8243; global_colors_info=\u00bb{}\u00bb][\/et_pb_divider][\/et_pb_column][\/et_pb_row][\/et_pb_section]<\/p>\n","protected":false},"excerpt":{"rendered":"<p>OATEC 2026EX\u00c1MENES\u00a0 &gt;&gt; \u00a0TEMARIO Y BIBLIOGRAF\u00cdA TEMARIO Y BIBLIOGRAF\u00cdA INSTANCIA LOCALLa instancia local eval\u00faa la capacidad de analizar, interpretar y resolver problemas vinculados a sistemas f\u00edsicos, materiales y ambientales.El examen se compone de preguntas de opci\u00f3n m\u00faltiple basadas en situaciones concretas que requieren aplicar conceptos cient\u00edficos en contextos generales.BIBLIOGRAF\u00cdA PARA LA INSTANCIA LOCALFundamentos de Mec\u00e1nica, [&hellip;]<\/p>\n","protected":false},"author":4,"featured_media":0,"parent":0,"menu_order":0,"comment_status":"closed","ping_status":"closed","template":"","meta":{"_et_pb_use_builder":"on","_et_pb_old_content":"","_et_gb_content_width":"","footnotes":""},"class_list":["post-260","page","type-page","status-publish","hentry"],"_links":{"self":[{"href":"https:\/\/www.oatec.org.ar\/index.php\/wp-json\/wp\/v2\/pages\/260","targetHints":{"allow":["GET"]}}],"collection":[{"href":"https:\/\/www.oatec.org.ar\/index.php\/wp-json\/wp\/v2\/pages"}],"about":[{"href":"https:\/\/www.oatec.org.ar\/index.php\/wp-json\/wp\/v2\/types\/page"}],"author":[{"embeddable":true,"href":"https:\/\/www.oatec.org.ar\/index.php\/wp-json\/wp\/v2\/users\/4"}],"replies":[{"embeddable":true,"href":"https:\/\/www.oatec.org.ar\/index.php\/wp-json\/wp\/v2\/comments?post=260"}],"version-history":[{"count":99,"href":"https:\/\/www.oatec.org.ar\/index.php\/wp-json\/wp\/v2\/pages\/260\/revisions"}],"predecessor-version":[{"id":3090,"href":"https:\/\/www.oatec.org.ar\/index.php\/wp-json\/wp\/v2\/pages\/260\/revisions\/3090"}],"wp:attachment":[{"href":"https:\/\/www.oatec.org.ar\/index.php\/wp-json\/wp\/v2\/media?parent=260"}],"curies":[{"name":"wp","href":"https:\/\/api.w.org\/{rel}","templated":true}]}}