{"id":2855,"date":"2026-02-26T15:49:42","date_gmt":"2026-02-26T18:49:42","guid":{"rendered":"https:\/\/www.oatec.org.ar\/?page_id=2855"},"modified":"2026-02-27T11:48:53","modified_gmt":"2026-02-27T14:48:53","slug":"actividad-cero","status":"publish","type":"page","link":"https:\/\/www.oatec.org.ar\/index.php\/actividad-cero\/","title":{"rendered":"Actividad cero"},"content":{"rendered":"<p>[et_pb_section fb_built=\u00bb1&#8243; inner_shadow=\u00bbon\u00bb fullwidth=\u00bbon\u00bb _builder_version=\u00bb4.16&#8243; background_color=\u00bb#ffffff\u00bb top_divider_style=\u00bbcurve2&#8243; top_divider_color=\u00bbrgba(0,0,0,0.22)\u00bb top_divider_height=\u00bb19px\u00bb box_shadow_style=\u00bbpreset6&#8243; global_colors_info=\u00bb{}\u00bb][et_pb_fullwidth_header text_orientation=\u00bbcenter\u00bb background_overlay_color=\u00bbrgba(120,229,18,0.63)\u00bb module_id=\u00bb.et_pb_section\u00bb module_class=\u00bb.et_pb_section\u00bb _builder_version=\u00bb4.23.1&#8243; content_font=\u00bbComfortaa||||||||\u00bb content_text_align=\u00bbcenter\u00bb background_color=\u00bb#7ebec5&#8243; parallax=\u00bbon\u00bb background_layout=\u00bblight\u00bb max_width_tablet=\u00bb50px\u00bb child_filter_saturate=\u00bb41%\u00bb child_filter_opacity=\u00bb0%\u00bb custom_css_main_element=\u00bbpadding-top:0px;\u00bb custom_css_header_container=\u00bbheight:10px;||max-height: 80px;\u00bb text_shadow_style=\u00bbpreset5&#8243; global_colors_info=\u00bb{}\u00bb button_one_text_size__hover_enabled=\u00bboff\u00bb button_one_text_size__hover=\u00bbnull\u00bb button_two_text_size__hover_enabled=\u00bboff\u00bb button_two_text_size__hover=\u00bbnull\u00bb button_one_text_color__hover_enabled=\u00bboff\u00bb button_one_text_color__hover=\u00bbnull\u00bb button_two_text_color__hover_enabled=\u00bboff\u00bb button_two_text_color__hover=\u00bbnull\u00bb button_one_border_width__hover_enabled=\u00bboff\u00bb button_one_border_width__hover=\u00bbnull\u00bb button_two_border_width__hover_enabled=\u00bboff\u00bb button_two_border_width__hover=\u00bbnull\u00bb button_one_border_color__hover_enabled=\u00bboff\u00bb button_one_border_color__hover=\u00bbnull\u00bb button_two_border_color__hover_enabled=\u00bboff\u00bb button_two_border_color__hover=\u00bbnull\u00bb button_one_border_radius__hover_enabled=\u00bboff\u00bb button_one_border_radius__hover=\u00bbnull\u00bb button_two_border_radius__hover_enabled=\u00bboff\u00bb button_two_border_radius__hover=\u00bbnull\u00bb button_one_letter_spacing__hover_enabled=\u00bbon\u00bb button_one_letter_spacing__hover=\u00bb0&#8243; button_two_letter_spacing__hover_enabled=\u00bbon\u00bb button_two_letter_spacing__hover=\u00bb0&#8243; button_one_bg_color__hover_enabled=\u00bboff\u00bb button_one_bg_color__hover=\u00bbnull\u00bb button_two_bg_color__hover_enabled=\u00bboff\u00bb button_two_bg_color__hover=\u00bbnull\u00bb]<\/p>\n<p style=\"text-align: center;\"><span style=\"color: #ffffff;\">OATEC 2026<\/span><\/p>\n<p>[\/et_pb_fullwidth_header][\/et_pb_section][et_pb_section fb_built=\u00bb1&#8243; custom_padding_last_edited=\u00bbon|desktop\u00bb admin_label=\u00bbsection\u00bb _builder_version=\u00bb4.16&#8243; background_color=\u00bb#f4f4f4&#8243; custom_padding_tablet=\u00bb50px|0|50px|0&#8243; custom_padding_phone=\u00bb\u00bb transparent_background=\u00bboff\u00bb padding_mobile=\u00bboff\u00bb make_fullwidth=\u00bboff\u00bb use_custom_width=\u00bboff\u00bb width_unit=\u00bbon\u00bb global_colors_info=\u00bb{}\u00bb][et_pb_row padding_mobile=\u00bboff\u00bb column_padding_mobile=\u00bbon\u00bb admin_label=\u00bbrow\u00bb _builder_version=\u00bb4.16&#8243; background_size=\u00bbinitial\u00bb background_position=\u00bbtop_left\u00bb background_repeat=\u00bbrepeat\u00bb custom_width_px=\u00bb550px\u00bb global_colors_info=\u00bb{}\u00bb][et_pb_column type=\u00bb4_4&#8243; _builder_version=\u00bb4.16&#8243; custom_padding=\u00bb|||\u00bb global_colors_info=\u00bb{}\u00bb custom_padding__hover=\u00bb|||\u00bb][et_pb_text _builder_version=\u00bb4.27.4&#8243; background_size=\u00bbinitial\u00bb background_position=\u00bbtop_left\u00bb background_repeat=\u00bbrepeat\u00bb use_border_color=\u00bboff\u00bb global_colors_info=\u00bb{}\u00bb]<\/p>\n<p style=\"text-align: right; color: #93bb3b;\"><a href=\"https:\/\/www.oatec.org.ar\/index.php\/examenes\/\">EX\u00c1MENES <\/a>\u00a0<span style=\"color: #a6a6a6;\"> &gt;&gt; \u00a0<\/span> ACTIVIDAD CERO<\/p>\n<p>[\/et_pb_text][et_pb_text _builder_version=\u00bb4.16&#8243; background_size=\u00bbinitial\u00bb background_position=\u00bbtop_left\u00bb background_repeat=\u00bbrepeat\u00bb use_border_color=\u00bboff\u00bb border_color=\u00bb#ffffff\u00bb border_style=\u00bbsolid\u00bb global_colors_info=\u00bb{}\u00bb]<\/p>\n<h1 style=\"line-height: 40px;\">ACTIVIDAD CERO &#8211; ETAPA DE HABILITACI\u00d3N<\/h1>\n<p>[\/et_pb_text][et_pb_divider color=\u00bb#81d742&#8243; divider_weight=\u00bb2&#8243; _builder_version=\u00bb4.16&#8243; height=\u00bb2px\u00bb hide_on_mobile=\u00bboff\u00bb global_colors_info=\u00bb{}\u00bb][\/et_pb_divider][\/et_pb_column][\/et_pb_row][et_pb_row column_structure=\u00bb1_2,1_2&#8243; _builder_version=\u00bb4.27.4&#8243; _module_preset=\u00bbdefault\u00bb global_colors_info=\u00bb{}\u00bb][et_pb_column type=\u00bb1_2&#8243; _builder_version=\u00bb4.27.4&#8243; _module_preset=\u00bbdefault\u00bb global_colors_info=\u00bb{}\u00bb][et_pb_text _builder_version=\u00bb4.27.4&#8243; _module_preset=\u00bbdefault\u00bb background_color=\u00bb#0C71C3&#8243; hover_enabled=\u00bb0&#8243; global_colors_info=\u00bb{}\u00bb text_font=\u00bbAbel||||||||\u00bb text_letter_spacing=\u00bb2px\u00bb custom_margin=\u00bb|-45px|||false|false\u00bb sticky_enabled=\u00bb0&#8243; border_color_all=\u00bb#FFFFFF\u00bb box_shadow_style=\u00bbpreset2&#8243; custom_padding=\u00bb15px|||19px||\u00bb min_height=\u00bb95.4px\u00bb]<\/p>\n<p style=\"line-height: 25px; text-align: left;\"><span style=\"color: #ffffff;\">ACTIVIDAD CERO: ETAPA DE HABILITACI\u00d3N:<strong> EXAMEN LOCAL<\/strong><\/span><\/p>\n<p style=\"color: #4c4c4c; text-align: left;\"><span style=\"color: #ffffff;\"><strong>LUNES 22, MARTES 23 Y MIERCOLES 24 DE JUNIO<\/strong><\/span><\/p>\n<p>[\/et_pb_text][\/et_pb_column][et_pb_column type=\u00bb1_2&#8243; _builder_version=\u00bb4.27.4&#8243; _module_preset=\u00bbdefault\u00bb global_colors_info=\u00bb{}\u00bb][\/et_pb_column][\/et_pb_row][et_pb_row _builder_version=\u00bb4.27.4&#8243; _module_preset=\u00bbdefault\u00bb][et_pb_column _builder_version=\u00bb4.27.4&#8243; _module_preset=\u00bbdefault\u00bb type=\u00bb4_4&#8243;][et_pb_text _builder_version=\u00bb4.27.4&#8243; _module_preset=\u00bbdefault\u00bb hover_enabled=\u00bb0&#8243; sticky_enabled=\u00bb0&#8243;]<\/p>\n<p><strong>Etapa de Habilitaci\u00f3n: 22,23 y 24 de junio<\/strong><\/p>\n<p>Para participar del proceso evaluatorio, los estudiantes deber\u00e1n completar obligatoriamente la <strong>Actividad Cero<\/strong>, orientada a la familiarizaci\u00f3n y correcto uso de la plataforma Blackboard.<\/p>\n<p><strong>Car\u00e1cter: <\/strong>Obligatorio<\/p>\n<p><strong>Condici\u00f3n de habilitaci\u00f3n:<\/strong> La realizaci\u00f3n de la actividad es requisito indispensable para rendir el <strong>Examen Local<\/strong> (primera instancia de selecci\u00f3n).<\/p>\n<p>[\/et_pb_text][\/et_pb_column][\/et_pb_row][et_pb_row padding_mobile=\u00bboff\u00bb column_padding_mobile=\u00bbon\u00bb admin_label=\u00bbrow\u00bb _builder_version=\u00bb4.16&#8243; background_size=\u00bbinitial\u00bb background_position=\u00bbtop_left\u00bb background_repeat=\u00bbrepeat\u00bb custom_width_px=\u00bb550px\u00bb global_colors_info=\u00bb{}\u00bb][et_pb_column type=\u00bb4_4&#8243; _builder_version=\u00bb4.16&#8243; custom_padding=\u00bb|||\u00bb global_colors_info=\u00bb{}\u00bb custom_padding__hover=\u00bb|||\u00bb][et_pb_text _builder_version=\u00bb4.27.4&#8243; text_font=\u00bbAbel||||||||\u00bb text_text_color=\u00bb#FFFFFF\u00bb text_letter_spacing=\u00bb2px\u00bb background_color=\u00bb#0C71C3&#8243; background_size=\u00bbinitial\u00bb background_position=\u00bbtop_left\u00bb background_repeat=\u00bbrepeat\u00bb box_shadow_style=\u00bbpreset2&#8243; use_border_color=\u00bboff\u00bb border_color=\u00bb#ffffff\u00bb border_style=\u00bbsolid\u00bb global_colors_info=\u00bb{}\u00bb]<\/p>\n<p style=\"line-height: 40px; text-align: center;\"><span style=\"color: #ffffff;\">INSTRUCTIVO DEL PASO A PASO PARA REALIZAR LA ACTIVIDAD CERO<\/span><\/p>\n<p>[\/et_pb_text][et_pb_text _builder_version=\u00bb4.27.4&#8243; text_font=\u00bbSource Sans Pro||||||||\u00bb text_text_color=\u00bb#7CDA24&#8243; background_color=\u00bb#ffffff\u00bb background_size=\u00bbinitial\u00bb background_position=\u00bbtop_left\u00bb background_repeat=\u00bbrepeat\u00bb custom_padding=\u00bb15px|15px|15px|15px\u00bb border_width_all=\u00bb3px\u00bb border_color_all=\u00bb#4c4c4c\u00bb use_border_color=\u00bbon\u00bb global_colors_info=\u00bb{}\u00bb]<\/p>\n<p style=\"color: #4c4c4c; text-align: left;\">Para poder ingresar a la plataforma virtual\u00a0 los alumnos <strong>deber\u00e1n contar con su usuario (DNI) y contrase\u00f1a (DNI ingresando todos los d\u00edgitos de corrido) en:<\/strong><\/p>\n<h2 style=\"color: #4c4c4c; text-align: left;\"><span style=\"color: #000080;\"><strong><\/strong><\/span><\/h2>\n<h3 style=\"color: #4c4c4c; text-align: left;\"><span style=\"color: #0c71c3;\"><strong>examen.oatec.org.ar<\/strong><\/span><\/h3>\n<p>[\/et_pb_text][et_pb_gallery gallery_ids=\u00bb1982,1983,1984,2573,2574,2575,2576,2577,2578,2579,2580,2581&#8243; posts_number=\u00bb15&#8243; _builder_version=\u00bb4.27.4&#8243; saved_tabs=\u00bball\u00bb global_colors_info=\u00bb{}\u00bb][\/et_pb_gallery][\/et_pb_column][\/et_pb_row][et_pb_row disabled_on=\u00bbon|on|on\u00bb _builder_version=\u00bb4.16&#8243; background_size=\u00bbinitial\u00bb background_position=\u00bbtop_left\u00bb background_repeat=\u00bbrepeat\u00bb disabled=\u00bbon\u00bb global_colors_info=\u00bb{}\u00bb][et_pb_column type=\u00bb4_4&#8243; _builder_version=\u00bb4.16&#8243; custom_padding=\u00bb|||\u00bb global_colors_info=\u00bb{}\u00bb custom_padding__hover=\u00bb|||\u00bb][\/et_pb_column][\/et_pb_row][et_pb_row _builder_version=\u00bb4.16&#8243; background_size=\u00bbinitial\u00bb background_position=\u00bbtop_left\u00bb background_repeat=\u00bbrepeat\u00bb global_colors_info=\u00bb{}\u00bb][et_pb_column type=\u00bb4_4&#8243; _builder_version=\u00bb4.16&#8243; custom_padding=\u00bb|||\u00bb global_colors_info=\u00bb{}\u00bb custom_padding__hover=\u00bb|||\u00bb][et_pb_text disabled_on=\u00bbon|on|on\u00bb _builder_version=\u00bb4.27.4&#8243; text_font=\u00bbSource Sans Pro||||||||\u00bb text_text_color=\u00bb#4c4c4c\u00bb text_line_height=\u00bb2em\u00bb background_color=\u00bb#efd500&#8243; background_size=\u00bbinitial\u00bb background_position=\u00bbtop_left\u00bb background_repeat=\u00bbrepeat\u00bb custom_padding=\u00bb10px|10px|10px|10px\u00bb border_width_all=\u00bb3px\u00bb border_color_all=\u00bb#ffffff\u00bb box_shadow_style=\u00bbpreset2&#8243; use_border_color=\u00bbon\u00bb disabled=\u00bbon\u00bb global_colors_info=\u00bb{}\u00bb]<\/p>\n<p style=\"text-align: center; font-size: 16px;\"><span style=\"color: #4c4c4c;\">Aquellos alumnos que no participen en cualquiera de los dos ensayos de conexi\u00f3n, pueden igualmente rendir el examen <strong>de 1\u00b0\u00a0instancia evaluativa<\/strong>.<\/span><\/p>\n<p style=\"text-align: center; font-size: 16px;\"><span style=\"color: #4c4c4c;\">Los ensayos de conexi\u00f3n tienen calificaci\u00f3n.<\/span><\/p>\n<p style=\"text-align: center; font-size: 16px;\"><span style=\"color: #4c4c4c;\">Los alumnos, al momento del ensayo, pueden utilizar calculadora, l\u00e1piz y papel.<\/span><\/p>\n<p style=\"text-align: center; font-size: 16px;\"><span style=\"color:#4c4c4c;\">&#8211; ENSAYOS DE CONEXI\u00d3N: Las respuestas correctas estar\u00e1n publicadas en nuestro sitio web &#8211;<br \/>\n<\/span><\/p>\n<p style=\"text-align: center; font-size: 16px;\">\u00a0 \u00a0 \u00a0 &#8211; EXAMEN DE 1RA INSTANCIA EVALUATORIA:<\/p>\n<p style=\"text-align: center; font-size: 16px;\"><strong>Los alumnos no pueden superar los 19 a\u00f1os de edad para participar de esta competencia, seg\u00fan Reglamento de la OATEC https:\/\/www.oatec.org.ar\/index.php\/reglamento\/<\/strong><\/p>\n<p style=\"text-align: center; font-size: 16px;\">No se publicar\u00e1n los resultados como en los ensayos, ser\u00e1n notificados como todos los a\u00f1os a los respectivos colegios, autoridades y docentes.<span style=\"color: #4c4c4c;\"><\/span><\/p>\n<p style=\"text-align: center; font-size: 16px;\"><span style=\"color: #4c4c4c;\"><\/span><\/p>\n<p style=\"text-align: center; font-size: 16px;\"><span style=\"color: #4c4c4c;\"><strong>\u00a1NO PIERDAS TU OPORTUNIDAD!<\/strong><\/span><\/p>\n<p>[\/et_pb_text][\/et_pb_column][\/et_pb_row][et_pb_row _builder_version=\u00bb4.16&#8243; background_size=\u00bbinitial\u00bb background_position=\u00bbtop_left\u00bb background_repeat=\u00bbrepeat\u00bb global_colors_info=\u00bb{}\u00bb][et_pb_column type=\u00bb4_4&#8243; _builder_version=\u00bb4.16&#8243; custom_padding=\u00bb|||\u00bb global_colors_info=\u00bb{}\u00bb custom_padding__hover=\u00bb|||\u00bb][\/et_pb_column][\/et_pb_row][et_pb_row _builder_version=\u00bb4.21.0&#8243; background_size=\u00bbinitial\u00bb background_position=\u00bbtop_left\u00bb background_repeat=\u00bbrepeat\u00bb border_color_all=\u00bb#8300E9&#8243; global_colors_info=\u00bb{}\u00bb][et_pb_column type=\u00bb4_4&#8243; _builder_version=\u00bb4.16&#8243; custom_padding=\u00bb|||\u00bb global_colors_info=\u00bb{}\u00bb custom_padding__hover=\u00bb|||\u00bb][et_pb_text disabled_on=\u00bbon|on|on\u00bb _builder_version=\u00bb4.27.4&#8243; text_font=\u00bbSource Sans Pro||||||||\u00bb text_text_color=\u00bb#006b3c\u00bb background_color=\u00bb#ffffff\u00bb background_size=\u00bbinitial\u00bb background_position=\u00bbtop_left\u00bb background_repeat=\u00bbrepeat\u00bb custom_padding=\u00bb15px|15px|15px|15px\u00bb border_width_all=\u00bb3px\u00bb border_color_all=\u00bb#065100&#8243; use_border_color=\u00bbon\u00bb disabled=\u00bbon\u00bb global_colors_info=\u00bb{}\u00bb]<\/p>\n<p style=\"color: #e60680; text-align: center;\"><span style=\"color: #006b3c;\"><strong>\u00a0 Para tener en cuenta:<\/strong><\/span><\/p>\n<p style=\"color: #e60680; text-align: center;\"><span style=\"color: #0000ff;\"><strong>CHEQUEAR LAS INSCRIPCIONES EN OATEC@ITBA.EDU.AR<\/strong><\/span><strong><\/strong><\/p>\n<p style=\"color: #e60680; text-align: center;\"><strong>Los alumnos no pueden superar los 19 a\u00f1os de edad para participar de esta competencia, seg\u00fan Reglamento de la OATEC https:\/\/www.oatec.org.ar\/index.php\/reglamento\/<\/strong><\/p>\n<p style=\"color: #e60680; text-align: left;\"><span style=\"color: #800080;\">&#8211;<span style=\"color: #006b3c;\"> Participar\u00e1n de los ensayos de conexi\u00f3n aquellos alumnos inscriptos a la OATec<\/span><\/span><\/p>\n<p style=\"color: #e60680; text-align: left;\"><span style=\"color: #006b3c;\">&#8211; \u00abImportante\u00bb <b><i>No ingresar por el sitio\u00a0<u>web de la OATec<\/u><\/i><\/b>, para realizar el ensayo de conexi\u00f3n.<\/span><\/p>\n<p style=\"color: #e60680; text-align: left;\"><span style=\"color: #006b3c;\">&#8211; Ingresar a: <strong>examen.oatec.org.ar<\/strong><\/span><\/p>\n<p style=\"color: #e60680; text-align: left;\"><span style=\"color: #006b3c;\">&#8211; Por el momento no est\u00e1 habilitado el ingreso a la plataforma (se habilitar\u00e1 el 4 y 5 de septiembre para realizar una pr\u00e1ctica antes del examen de 1er instancia)<\/span><\/p>\n<p style=\"color: #e60680; text-align: center;\"><span style=\"color: #006b3c;\">\u00a0<strong> El alumno tiene que tener presente:\u00a0<\/strong><\/span><\/p>\n<p style=\"color: #e60680; text-align: center;\"><span style=\"color: #006b3c;\"><strong><\/strong><\/span><\/p>\n<p style=\"color: #e60680; text-align: left;\"><span style=\"color: #006b3c;\">\u00a0 \u00a01) Es obligatorio estar previamente inscripto en la OATec.<\/span><\/p>\n<p style=\"color: #e60680; text-align: left;\"><span style=\"color: #006b3c;\">\u00a0 \u00a02) El alumno deber\u00e1 emplear como\u00a0<b>usuario su DNI y <\/b>como<b> contrase\u00f1a\u00a0<\/b>tambi\u00e9n emplear\u00e1 <b>su\u00a0DNI <\/b><\/span><\/p>\n<p style=\"color: #e60680; text-align: left;\"><span style=\"color: #006b3c;\">\u00a0 \u00a0 \u00a0 \u00a0 (escribir todos los d\u00edgitos de corridos, sin puntos ni espacios).<\/span><\/p>\n<p style=\"color: #e60680; text-align: left;\"><span style=\"color: #800080;\"><b>\u00a0 \u00a0 \u00a0 <span style=\"color: #006b3c;\">\u00a0 A excepci\u00f3n de los alumnos que est\u00e1n inscriptos a los cursos de ingreso del ITBA deber\u00e1n hacerlo con su cuenta y usuario.\u00a0<\/span><\/b><\/span><\/p>\n<p style=\"color: #e60680; text-align: left;\"><span style=\"color: #006b3c;\">\u00a0 \u00a03) Se sugiere el navegador\u00a0<b>google chrome<\/b>.<\/span><\/p>\n<p style=\"color: #e60680; text-align: left;\"><span style=\"color: #006b3c;\">\u00a0 \u00a04) Tener a mano calculadora, l\u00e1piz y papel.<\/span><\/p>\n<p style=\"color: #e60680; text-align: left;\"><span style=\"color: #006b3c;\">\u00a0 \u00a05)\u00a0 Si bien el per\u00edodo para ingresar al sitio es de 11 a 12:10 hs, el d\u00eda del examen de 1er instancia. <strong>Estaremos realizando una pr\u00e1ctica el 4 y 5 septiembre durante todo el d\u00eda.<\/strong><\/span><\/p>\n<p style=\"color: #e60680; text-align: left;\"><span style=\"color: #006b3c;\">\u00a0 \u00a06) Ante alg\u00fan inconveniente enviar\u00a0<b>capturas de pantalla<\/b>\u00a0a\u00a0<a href=\"mailto:oatec@itba.edu.ar\" target=\"_blank\" rel=\"noopener\" style=\"color: #006b3c;\">oatec@itba.edu.ar<\/a><\/span><\/p>\n<p style=\"color: #e60680; text-align: left;\"><span style=\"color: #006b3c;\">\u00a0 \u00a07) <b>Tener presente que: NO ES UN EXAMEN SINO UN SIMULACRO DE CONEXI\u00d3N.<\/b><\/span><\/p>\n<p style=\"color: #e60680; text-align: left;\"><span style=\"color: #006b3c;\">\u00a0 \u00a08) Consultas a <a href=\"mailto:oatec@itba.edu.ar\" style=\"color: #006b3c;\">oatec@itba.edu.ar<\/a><\/span><\/p>\n<p style=\"color: #e60680; text-align: left;\"><span style=\"color: #006b3c;\">\u00a0 \u00a0 \u00a0 \u00a0 <strong>PARA ENVIAR CONSULTAS EL D\u00cdA DEL ENSAYO: APELLIDO &#8211; NOMBRE &#8211; DNI &#8211; COLEGIO Y PROVINCIA.<\/strong><\/span><\/p>\n<p style=\"color: #e60680; text-align: left;\"><span style=\"color: #006b3c;\">\u00a0 \u00a0<\/span><span style=\"color: #800080;\"><span style=\"color: #006b3c;\"> 9) Durante los meses de inscripci\u00f3n hay mucho flujo de correos, chequear si los mismos se encuentran en SPAM.<\/span><strong><\/strong><\/span><\/p>\n<p style=\"color: #e60680; text-align: left;\">\n[\/et_pb_text][\/et_pb_column][\/et_pb_row][\/et_pb_section]<\/p>\n","protected":false},"excerpt":{"rendered":"<p>OATEC 2026 EX\u00c1MENES \u00a0 &gt;&gt; \u00a0 ACTIVIDAD CEROACTIVIDAD CERO &#8211; ETAPA DE HABILITACI\u00d3NACTIVIDAD CERO: ETAPA DE HABILITACI\u00d3N: EXAMEN LOCAL LUNES 22, MARTES 23 Y MIERCOLES 24 DE JUNIOEtapa de Habilitaci\u00f3n: 22,23 y 24 de junio Para participar del proceso evaluatorio, los estudiantes deber\u00e1n completar obligatoriamente la Actividad Cero, orientada a la familiarizaci\u00f3n y correcto uso [&hellip;]<\/p>\n","protected":false},"author":4,"featured_media":0,"parent":0,"menu_order":0,"comment_status":"closed","ping_status":"closed","template":"","meta":{"_et_pb_use_builder":"on","_et_pb_old_content":"","_et_gb_content_width":"","footnotes":""},"class_list":["post-2855","page","type-page","status-publish","hentry"],"_links":{"self":[{"href":"https:\/\/www.oatec.org.ar\/index.php\/wp-json\/wp\/v2\/pages\/2855","targetHints":{"allow":["GET"]}}],"collection":[{"href":"https:\/\/www.oatec.org.ar\/index.php\/wp-json\/wp\/v2\/pages"}],"about":[{"href":"https:\/\/www.oatec.org.ar\/index.php\/wp-json\/wp\/v2\/types\/page"}],"author":[{"embeddable":true,"href":"https:\/\/www.oatec.org.ar\/index.php\/wp-json\/wp\/v2\/users\/4"}],"replies":[{"embeddable":true,"href":"https:\/\/www.oatec.org.ar\/index.php\/wp-json\/wp\/v2\/comments?post=2855"}],"version-history":[{"count":11,"href":"https:\/\/www.oatec.org.ar\/index.php\/wp-json\/wp\/v2\/pages\/2855\/revisions"}],"predecessor-version":[{"id":2899,"href":"https:\/\/www.oatec.org.ar\/index.php\/wp-json\/wp\/v2\/pages\/2855\/revisions\/2899"}],"wp:attachment":[{"href":"https:\/\/www.oatec.org.ar\/index.php\/wp-json\/wp\/v2\/media?parent=2855"}],"curies":[{"name":"wp","href":"https:\/\/api.w.org\/{rel}","templated":true}]}}