{"id":32,"date":"2022-12-19T12:36:26","date_gmt":"2022-12-19T15:36:26","guid":{"rendered":"http:\/\/oatec.itba.edu.ar\/?page_id=32"},"modified":"2026-02-24T18:43:14","modified_gmt":"2026-02-24T21:43:14","slug":"32-2","status":"publish","type":"page","link":"https:\/\/www.oatec.org.ar\/index.php\/32-2\/","title":{"rendered":"BIENVENIDOS"},"content":{"rendered":"<p>[et_pb_section fb_built=\u00bb1&#8243; inner_shadow=\u00bbon\u00bb fullwidth=\u00bbon\u00bb _builder_version=\u00bb4.16&#8243; background_color=\u00bb#ffffff\u00bb top_divider_style=\u00bbcurve2&#8243; top_divider_color=\u00bbrgba(0,0,0,0.22)\u00bb top_divider_height=\u00bb19px\u00bb box_shadow_style=\u00bbpreset6&#8243; global_colors_info=\u00bb{}\u00bb][et_pb_fullwidth_header text_orientation=\u00bbcenter\u00bb background_overlay_color=\u00bbrgba(120,229,18,0.63)\u00bb module_id=\u00bb.et_pb_section\u00bb module_class=\u00bb.et_pb_section\u00bb _builder_version=\u00bb4.27.4&#8243; content_font=\u00bbComfortaa||||||||\u00bb content_text_align=\u00bbcenter\u00bb background_color=\u00bb#7ebec5&#8243; parallax=\u00bbon\u00bb background_layout=\u00bblight\u00bb max_width_tablet=\u00bb50px\u00bb child_filter_saturate=\u00bb41%\u00bb child_filter_opacity=\u00bb0%\u00bb custom_css_main_element=\u00bbpadding-top:0px;\u00bb custom_css_header_container=\u00bbheight:10px;||max-height: 80px;\u00bb text_shadow_style=\u00bbpreset5&#8243; global_colors_info=\u00bb{}\u00bb button_one_text_size__hover_enabled=\u00bboff\u00bb button_one_text_size__hover=\u00bbnull\u00bb button_two_text_size__hover_enabled=\u00bboff\u00bb button_two_text_size__hover=\u00bbnull\u00bb button_one_text_color__hover_enabled=\u00bboff\u00bb button_one_text_color__hover=\u00bbnull\u00bb button_two_text_color__hover_enabled=\u00bboff\u00bb button_two_text_color__hover=\u00bbnull\u00bb button_one_border_width__hover_enabled=\u00bboff\u00bb button_one_border_width__hover=\u00bbnull\u00bb button_two_border_width__hover_enabled=\u00bboff\u00bb button_two_border_width__hover=\u00bbnull\u00bb button_one_border_color__hover_enabled=\u00bboff\u00bb button_one_border_color__hover=\u00bbnull\u00bb button_two_border_color__hover_enabled=\u00bboff\u00bb button_two_border_color__hover=\u00bbnull\u00bb button_one_border_radius__hover_enabled=\u00bboff\u00bb button_one_border_radius__hover=\u00bbnull\u00bb button_two_border_radius__hover_enabled=\u00bboff\u00bb button_two_border_radius__hover=\u00bbnull\u00bb button_one_letter_spacing__hover_enabled=\u00bbon\u00bb button_one_letter_spacing__hover=\u00bb0&#8243; button_two_letter_spacing__hover_enabled=\u00bbon\u00bb button_two_letter_spacing__hover=\u00bb0&#8243; button_one_bg_color__hover_enabled=\u00bboff\u00bb button_one_bg_color__hover=\u00bbnull\u00bb button_two_bg_color__hover_enabled=\u00bboff\u00bb button_two_bg_color__hover=\u00bbnull\u00bb]<\/p>\n<p style=\"text-align: center;\"><span style=\"color: #ffffff;\">OATEC 2026<\/span><\/p>\n<p>[\/et_pb_fullwidth_header][\/et_pb_section][et_pb_section fb_built=\u00bb1&#8243; custom_padding_last_edited=\u00bbon|desktop\u00bb admin_label=\u00bbsection\u00bb _builder_version=\u00bb4.16&#8243; background_color=\u00bb#f4f4f4&#8243; custom_padding_tablet=\u00bb50px|0|50px|0&#8243; custom_padding_phone=\u00bb\u00bb transparent_background=\u00bboff\u00bb padding_mobile=\u00bboff\u00bb make_fullwidth=\u00bboff\u00bb use_custom_width=\u00bboff\u00bb width_unit=\u00bbon\u00bb global_colors_info=\u00bb{}\u00bb][et_pb_row padding_mobile=\u00bboff\u00bb column_padding_mobile=\u00bbon\u00bb _builder_version=\u00bb4.16&#8243; background_size=\u00bbinitial\u00bb background_position=\u00bbtop_left\u00bb background_repeat=\u00bbrepeat\u00bb custom_width_px=\u00bb550px\u00bb global_colors_info=\u00bb{}\u00bb][et_pb_column type=\u00bb4_4&#8243; _builder_version=\u00bb4.16&#8243; custom_padding=\u00bb|||\u00bb global_colors_info=\u00bb{}\u00bb custom_padding__hover=\u00bb|||\u00bb][et_pb_text _builder_version=\u00bb4.16&#8243; background_size=\u00bbinitial\u00bb background_position=\u00bbtop_left\u00bb background_repeat=\u00bbrepeat\u00bb use_border_color=\u00bboff\u00bb border_color=\u00bb#ffffff\u00bb border_style=\u00bbsolid\u00bb global_colors_info=\u00bb{}\u00bb]<\/p>\n<h1 style=\"text-align: left\">BIENVENIDOS<\/h1>\n<p>[\/et_pb_text][et_pb_divider color=\u00bb#81d742&#8243; divider_weight=\u00bb2&#8243; _builder_version=\u00bb4.16&#8243; height=\u00bb2px\u00bb hide_on_mobile=\u00bboff\u00bb global_colors_info=\u00bb{}\u00bb][\/et_pb_divider][\/et_pb_column][\/et_pb_row][et_pb_row column_structure=\u00bb1_2,1_2&#8243; admin_label=\u00bbrow\u00bb _builder_version=\u00bb4.16&#8243; background_size=\u00bbinitial\u00bb background_position=\u00bbtop_left\u00bb background_repeat=\u00bbrepeat\u00bb global_colors_info=\u00bb{}\u00bb][et_pb_column type=\u00bb1_2&#8243; _builder_version=\u00bb4.16&#8243; custom_padding=\u00bb|||\u00bb global_colors_info=\u00bb{}\u00bb custom_padding__hover=\u00bb|||\u00bb][et_pb_text _builder_version=\u00bb4.27.4&#8243; background_size=\u00bbinitial\u00bb background_position=\u00bbtop_left\u00bb background_repeat=\u00bbrepeat\u00bb use_border_color=\u00bboff\u00bb global_colors_info=\u00bb{}\u00bb]<\/p>\n<h3><span style=\"color: #344680;\">SOBRE NOSOTROS<\/span><\/h3>\n<hr \/>\n<hr \/>\n<p>&nbsp;<\/p>\n<p style=\"font-size: 24px; color: green; text-align: justify;\"><span style=\"color: #7bc758;\">El ITBA<\/span><\/p>\n<p style=\"text-align: justify;\">El Instituto Tecnol\u00f3gico de Buenos Aires (ITBA) fue fundado el 20 de noviembre de 1959, convirti\u00e9ndose en una de las primeras universidades privadas creadas en la Argentina.<\/p>\n<p style=\"text-align: justify;\">Las actividades acad\u00e9micas se iniciaron en 1960, cuando la primera promoci\u00f3n comenz\u00f3 a cursar sus estudios. Con el correr de los a\u00f1os la cantidad de alumnos fue increment\u00e1ndose de manera significativa y tambi\u00e9n fueron sum\u00e1ndose\u00a0diversas especialidades. Actualmente se ofrecen las carreras de Licenciatura en Administraci\u00f3n y Sistemas, Bioingenier\u00eda, y las Ingenier\u00edas El\u00e9ctrica, Electr\u00f3nica, Industrial, Inform\u00e1tica, Mec\u00e1nica, Naval, Petr\u00f3leo y Qu\u00edmica.<\/p>\n<p style=\"text-align: justify;\">Hoy, la Universidad se expandi\u00f3 y cuenta con varias sedes, como la de la Escuela de Postgrado y la Sede Distrito Tecnol\u00f3gico (SDT). Son m\u00e1s de 7000 los graduados del ITBA que se desarrollan dentro del mundo profesional, en empresas p\u00fablicas y privadas, e incluso con emprendimientos propios y proyectos sumamente exitosos.<\/p>\n<p style=\"text-align: justify;\">La Misi\u00f3n del ITBA es pues formar y desarrollar profesionales en las \u00e1reas de Ingenier\u00eda, Tecnolog\u00eda y Gesti\u00f3n, a trav\u00e9s de carreras de grado, posgrado y programas de Educaci\u00f3n Ejecutiva, con una alta exigencia acad\u00e9mica, con contenidos permanentemente actualizados, respondiendo a las necesidades de la sociedad y los avances tecnol\u00f3gicos, mediante t\u00e9cnicas educativas de avanzada.<\/p>\n<p>&nbsp;<\/p>\n<p style=\"font-size: 24px; color: green; text-align: justify;\"><span style=\"color: #7bc758;\">La g\u00e9nesis<\/span><\/p>\n<p style=\"text-align: justify;\">En el a\u00f1o 2014 el Dr Jorge O. Ratto, Director del Depto. de F\u00edsica y del Centro de Desarrollo de Metodolog\u00edas para la Ense\u00f1anza en Ingenier\u00eda (CEDEMEI), propuso al Rectorado del ITBA organizar una competencia estudiantil nacional referida a los saberes y habilidades tecnol\u00f3gicas. Dicha competencia, a la cual se denominar\u00eda \u00abCompetencia Argentina de Tecnolog\u00eda\u00bb (OATec), consistir\u00eda en una actividad competitiva destinada a acercar a los alumnos a la tecnolog\u00eda, brind\u00e1ndoles a ellos y a los docentes, una herramienta innovadora para incentivar el intercambio de experiencias y conocimientos cient\u00edficos-tecnol\u00f3gicos.<\/p>\n<p style=\"text-align: justify;\">La propuesta fue aceptada con gran benepl\u00e1cito por el Rectorado y aprobada posteriormente por el Consejo de Regencia. Los mismos decidieron que el proyecto sea llevado adelante por el Director de la Escuela de Ingenier\u00eda y Tecnolog\u00eda del ITBA, el MEE Ing. Norberto M. Lerendegui, en car\u00e1cter de Presidente del Comit\u00e9 Organizador de la OATec (CO) y el Dr. Jorge O. Ratto, como Vicepresidente de dicho Comit\u00e9.<\/p>\n<p style=\"text-align: justify;\">De esta manera funcion\u00f3 hasta fines del a\u00f1o 2019, momento a partir del cual el Dr. Ratto se hizo cargo de la Presidencia del Comit\u00e9 Organizador.<\/p>\n<p>&nbsp;<\/p>\n<p style=\"font-size: 24px; color: green; text-align: justify;\"><span style=\"color: #7bc758;\">Actualidad institucional<\/span><\/p>\n<p>A partir de agosto de 2025, el Dr. Jorge O. Ratto concluye su etapa al frente de la Presidencia del Comit\u00e9 Organizador de la OATec, luego de una destacada trayectoria y un valioso aporte al desarrollo y consolidaci\u00f3n de la competencia a lo largo de los a\u00f1os.<\/p>\n<p>Desde ese momento, asume la Presidencia del Comit\u00e9 Organizador el <strong>Ing. Marcelo Perotti<\/strong>, Profesor Titular y Coordinador del \u00c1rea de F\u00edsica del Departamento de Ciencias Exactas y Naturales del ITBA, quien contin\u00faa impulsando el crecimiento y fortalecimiento de la OATec, en l\u00ednea con los valores y objetivos fundacionales del proyecto.<\/p>\n<p>&nbsp;<\/p>\n<p style=\"font-size: 24px; color: green; text-align: justify;\"><span style=\"color: #7bc758;\">El inicio<\/span><\/p>\n<p style=\"text-align: justify;\">El primer paso consisti\u00f3 en convocar a diversos colaboradores con la premisa de que, am\u00e9n de un meritorio perfil profesional, se sintieran plenamente identificados con el esp\u00edritu del proyecto.<\/p>\n<p style=\"text-align: justify;\">En tal sentido, en el 2do. cuatrimestre de 2014 se incorpor\u00f3 en primer t\u00e9rmino a la Sra. Daniela Ramos para que se desempe\u00f1e como Secretaria del CO, quien qued\u00f3 a cargo principalmente de generar y mantener el contacto con los colegios de todo el pa\u00eds y sus respectivos alumnos. Conjuntamente con el Ing. Lerendegui y el Dr. Ratto, se generaron pues las bases para los diversos aspectos organizativos, comunicacionales e institucionales.<\/p>\n<p style=\"text-align: justify;\">A fines del 2014, por otra parte, se incorporaron numerosos profesionales y alumnos del ITBA para desarrollar la incipiente estructura de la OATec. En tal sentido colabor\u00f3 con nosotros una destacada dise\u00f1adora para el desarrollo del logo identificatorio de la Competencia, un grupo de alumnos para el dise\u00f1o del sitio web www.OATec.org.ar, colegas del Departamento de RRII para abocarse a la difusi\u00f3n de la competencia, el Departamento de Ingreso para brindarnos su base de datos y transmitirnos su experiencia en el \u00e1mbito de la ense\u00f1anza a nivel secundario, el personal de nuestra Secretar\u00eda Acad\u00e9mica que aport\u00f3 su experiencia en el an\u00e1lisis de bases de datos, y muchos otros que, desinteresadamente, se sumaron a brindarnos su apoyo.<\/p>\n<p>&nbsp;<\/p>\n<p style=\"font-size: 24px; color: green; text-align: justify;\"><span style=\"color: #7bc758;\">El futuro<\/span><\/p>\n<p style=\"text-align: justify;\">Todos los mencionados contribuyeron para construir el primer eslab\u00f3n de lo que constituir\u00e1, sin duda alguna, una larga cadena. La concreci\u00f3n de sucesivas competencias OATec nos proporcionar\u00e1 la posibilidad de un continuo aprendizaje y, consecuentemente, derivar\u00e1 en amplios beneficios para toda nuestra comunidad. Ello es nuestro anhelo y representar\u00e1 nuestro mayor \u00e9xito.<\/p>\n<p>[\/et_pb_text][et_pb_divider show_divider=\u00bboff\u00bb disabled_on=\u00bbon|on|off\u00bb _builder_version=\u00bb4.16&#8243; global_colors_info=\u00bb{}\u00bb][\/et_pb_divider][\/et_pb_column][et_pb_column type=\u00bb1_2&#8243; _builder_version=\u00bb4.16&#8243; custom_padding=\u00bb|||\u00bb global_colors_info=\u00bb{}\u00bb custom_padding__hover=\u00bb|||\u00bb][et_pb_text _builder_version=\u00bb4.23.1&#8243; background_size=\u00bbinitial\u00bb background_position=\u00bbtop_left\u00bb background_repeat=\u00bbrepeat\u00bb use_border_color=\u00bboff\u00bb border_color=\u00bb#ffffff\u00bb border_style=\u00bbsolid\u00bb global_colors_info=\u00bb{}\u00bb]<\/p>\n<h3><span style=\"color: #344680;\">OBJETIVOS<\/span><\/h3>\n<hr \/>\n<hr \/>\n<p>&nbsp;<\/p>\n<p style=\"text-align: justify;\"><strong>La Competencia Argentina de Tecnolog\u00eda (OATec) es una actividad que tiene como objetivos fundamentales:<\/strong><\/p>\n<ul>\n<li style=\"text-align: justify;\">Despertar vocaciones cient\u00edfico-tecnol\u00f3gicas en los j\u00f3venes.<\/li>\n<li style=\"text-align: justify;\">Contribuir a que los alumnos empleen el m\u00e9todo cient\u00edfico, desarrollen habilidades tecnol\u00f3gicas, de abstracci\u00f3n y reflexi\u00f3n cr\u00edtica, como as\u00ed tambi\u00e9n capacidades para transmitir e intercambiar informaci\u00f3n.<\/li>\n<li style=\"text-align: justify;\">Contribuir a la actualizaci\u00f3n de los docentes de nivel secundario.<\/li>\n<li style=\"text-align: justify;\">Mejorar los v\u00ednculos entre los docentes y sus alumnos fomentando el intercambio de experiencias \u00e1ulicas.<\/li>\n<li style=\"text-align: justify;\">Incentivar el intercambio de experiencias entre educadores y educandos de diferentes regiones de nuestro pa\u00eds.<\/li>\n<\/ul>\n<p>[\/et_pb_text][\/et_pb_column][\/et_pb_row][et_pb_row _builder_version=\u00bb4.16&#8243; background_size=\u00bbinitial\u00bb background_position=\u00bbtop_left\u00bb background_repeat=\u00bbrepeat\u00bb global_colors_info=\u00bb{}\u00bb][et_pb_column type=\u00bb4_4&#8243; _builder_version=\u00bb4.16&#8243; custom_padding=\u00bb|||\u00bb global_colors_info=\u00bb{}\u00bb custom_padding__hover=\u00bb|||\u00bb][et_pb_divider show_divider=\u00bboff\u00bb disabled_on=\u00bbon|on|off\u00bb _builder_version=\u00bb4.16&#8243; hide_on_mobile=\u00bbon\u00bb global_colors_info=\u00bb{}\u00bb][\/et_pb_divider][\/et_pb_column][\/et_pb_row][\/et_pb_section]<\/p>\n","protected":false},"excerpt":{"rendered":"<p>OATEC 2026BIENVENIDOS SOBRE NOSOTROS &nbsp; El ITBA El Instituto Tecnol\u00f3gico de Buenos Aires (ITBA) fue fundado el 20 de noviembre de 1959, convirti\u00e9ndose en una de las primeras universidades privadas creadas en la Argentina. Las actividades acad\u00e9micas se iniciaron en 1960, cuando la primera promoci\u00f3n comenz\u00f3 a cursar sus estudios. Con el correr de los [&hellip;]<\/p>\n","protected":false},"author":4,"featured_media":0,"parent":0,"menu_order":0,"comment_status":"closed","ping_status":"closed","template":"","meta":{"_et_pb_use_builder":"on","_et_pb_old_content":"","_et_gb_content_width":"","footnotes":""},"class_list":["post-32","page","type-page","status-publish","hentry"],"_links":{"self":[{"href":"https:\/\/www.oatec.org.ar\/index.php\/wp-json\/wp\/v2\/pages\/32","targetHints":{"allow":["GET"]}}],"collection":[{"href":"https:\/\/www.oatec.org.ar\/index.php\/wp-json\/wp\/v2\/pages"}],"about":[{"href":"https:\/\/www.oatec.org.ar\/index.php\/wp-json\/wp\/v2\/types\/page"}],"author":[{"embeddable":true,"href":"https:\/\/www.oatec.org.ar\/index.php\/wp-json\/wp\/v2\/users\/4"}],"replies":[{"embeddable":true,"href":"https:\/\/www.oatec.org.ar\/index.php\/wp-json\/wp\/v2\/comments?post=32"}],"version-history":[{"count":13,"href":"https:\/\/www.oatec.org.ar\/index.php\/wp-json\/wp\/v2\/pages\/32\/revisions"}],"predecessor-version":[{"id":2790,"href":"https:\/\/www.oatec.org.ar\/index.php\/wp-json\/wp\/v2\/pages\/32\/revisions\/2790"}],"wp:attachment":[{"href":"https:\/\/www.oatec.org.ar\/index.php\/wp-json\/wp\/v2\/media?parent=32"}],"curies":[{"name":"wp","href":"https:\/\/api.w.org\/{rel}","templated":true}]}}