{"id":42,"date":"2022-12-19T12:38:36","date_gmt":"2022-12-19T15:38:36","guid":{"rendered":"http:\/\/oatec.itba.edu.ar\/?page_id=42"},"modified":"2026-02-24T21:21:00","modified_gmt":"2026-02-25T00:21:00","slug":"contacto","status":"publish","type":"page","link":"https:\/\/www.oatec.org.ar\/index.php\/contacto\/","title":{"rendered":"CONTACTO"},"content":{"rendered":"<p>[et_pb_section fb_built=\u00bb1&#8243; inner_shadow=\u00bbon\u00bb fullwidth=\u00bbon\u00bb _builder_version=\u00bb4.16&#8243; background_color=\u00bb#ffffff\u00bb top_divider_style=\u00bbcurve2&#8243; top_divider_color=\u00bbrgba(0,0,0,0.22)\u00bb top_divider_height=\u00bb19px\u00bb box_shadow_style=\u00bbpreset6&#8243; global_colors_info=\u00bb{}\u00bb][et_pb_fullwidth_header text_orientation=\u00bbcenter\u00bb background_overlay_color=\u00bbrgba(120,229,18,0.63)\u00bb module_id=\u00bb.et_pb_section\u00bb module_class=\u00bb.et_pb_section\u00bb _builder_version=\u00bb4.16&#8243; content_font=\u00bbComfortaa||||||||\u00bb content_text_align=\u00bbcenter\u00bb background_color=\u00bb#7ebec5&#8243; parallax=\u00bbon\u00bb background_layout=\u00bblight\u00bb max_width_tablet=\u00bb50px\u00bb child_filter_saturate=\u00bb41%\u00bb child_filter_opacity=\u00bb0%\u00bb custom_css_main_element=\u00bbpadding-top:0px;\u00bb custom_css_header_container=\u00bbheight:10px;||max-height: 80px;\u00bb text_shadow_style=\u00bbpreset5&#8243; global_colors_info=\u00bb{}\u00bb button_one_text_size__hover_enabled=\u00bboff\u00bb button_one_text_size__hover=\u00bbnull\u00bb button_two_text_size__hover_enabled=\u00bboff\u00bb button_two_text_size__hover=\u00bbnull\u00bb button_one_text_color__hover_enabled=\u00bboff\u00bb button_one_text_color__hover=\u00bbnull\u00bb button_two_text_color__hover_enabled=\u00bboff\u00bb button_two_text_color__hover=\u00bbnull\u00bb button_one_border_width__hover_enabled=\u00bboff\u00bb button_one_border_width__hover=\u00bbnull\u00bb button_two_border_width__hover_enabled=\u00bboff\u00bb button_two_border_width__hover=\u00bbnull\u00bb button_one_border_color__hover_enabled=\u00bboff\u00bb button_one_border_color__hover=\u00bbnull\u00bb button_two_border_color__hover_enabled=\u00bboff\u00bb button_two_border_color__hover=\u00bbnull\u00bb button_one_border_radius__hover_enabled=\u00bboff\u00bb button_one_border_radius__hover=\u00bbnull\u00bb button_two_border_radius__hover_enabled=\u00bboff\u00bb button_two_border_radius__hover=\u00bbnull\u00bb button_one_letter_spacing__hover_enabled=\u00bbon\u00bb button_one_letter_spacing__hover=\u00bb0&#8243; button_two_letter_spacing__hover_enabled=\u00bbon\u00bb button_two_letter_spacing__hover=\u00bb0&#8243; button_one_bg_color__hover_enabled=\u00bboff\u00bb button_one_bg_color__hover=\u00bbnull\u00bb button_two_bg_color__hover_enabled=\u00bboff\u00bb button_two_bg_color__hover=\u00bbnull\u00bb]<\/p>\n<p style=\"text-align: center;\"><span style=\"color: #ffffff;\">OATEC 2026<\/span><\/p>\n<p>[\/et_pb_fullwidth_header][\/et_pb_section][et_pb_section fb_built=\u00bb1&#8243; custom_padding_last_edited=\u00bbon|desktop\u00bb admin_label=\u00bbsection\u00bb _builder_version=\u00bb4.16&#8243; background_color=\u00bb#f4f4f4&#8243; custom_padding_tablet=\u00bb50px|0|50px|0&#8243; custom_padding_phone=\u00bb\u00bb transparent_background=\u00bboff\u00bb padding_mobile=\u00bboff\u00bb make_fullwidth=\u00bboff\u00bb use_custom_width=\u00bboff\u00bb width_unit=\u00bbon\u00bb global_colors_info=\u00bb{}\u00bb][et_pb_row padding_mobile=\u00bboff\u00bb column_padding_mobile=\u00bbon\u00bb admin_label=\u00bbrow\u00bb _builder_version=\u00bb4.16&#8243; background_size=\u00bbinitial\u00bb background_position=\u00bbtop_left\u00bb background_repeat=\u00bbrepeat\u00bb custom_width_px=\u00bb550px\u00bb global_colors_info=\u00bb{}\u00bb][et_pb_column type=\u00bb4_4&#8243; _builder_version=\u00bb4.16&#8243; custom_padding=\u00bb|||\u00bb global_colors_info=\u00bb{}\u00bb custom_padding__hover=\u00bb|||\u00bb][et_pb_text _builder_version=\u00bb4.16&#8243; background_size=\u00bbinitial\u00bb background_position=\u00bbtop_left\u00bb background_repeat=\u00bbrepeat\u00bb use_border_color=\u00bboff\u00bb border_color=\u00bb#ffffff\u00bb border_style=\u00bbsolid\u00bb global_colors_info=\u00bb{}\u00bb]<\/p>\n<h1 class=\"col-md-12 section-title\">CONTACTO<\/h1>\n<p>[\/et_pb_text][et_pb_divider color=\u00bb#81d742&#8243; divider_weight=\u00bb2&#8243; _builder_version=\u00bb4.16&#8243; height=\u00bb2px\u00bb hide_on_mobile=\u00bboff\u00bb global_colors_info=\u00bb{}\u00bb][\/et_pb_divider][\/et_pb_column][\/et_pb_row][et_pb_row column_structure=\u00bb1_2,1_2&#8243; _builder_version=\u00bb4.16&#8243; background_size=\u00bbinitial\u00bb background_position=\u00bbtop_left\u00bb background_repeat=\u00bbrepeat\u00bb global_colors_info=\u00bb{}\u00bb][et_pb_column type=\u00bb1_2&#8243; _builder_version=\u00bb4.16&#8243; custom_padding=\u00bb|||\u00bb global_colors_info=\u00bb{}\u00bb custom_padding__hover=\u00bb|||\u00bb][et_pb_text _builder_version=\u00bb4.16&#8243; text_font=\u00bbAbel||||||||\u00bb text_text_color=\u00bb#002251&#8243; text_letter_spacing=\u00bb1px\u00bb background_color=\u00bb#ffffff\u00bb background_size=\u00bbinitial\u00bb background_position=\u00bbtop_left\u00bb background_repeat=\u00bbrepeat\u00bb max_width=\u00bb276px\u00bb custom_margin=\u00bb|-109px||||\u00bb custom_css_main_element=\u00bbpadding:5px;\u00bb custom_css_after=\u00bbpadding:5px;\u00bb border_width_all=\u00bb2px\u00bb border_color_all=\u00bb#002251&#8243; border_style_all=\u00bbsolid\u00bb use_border_color=\u00bbon\u00bb border_color=\u00bb#002251&#8243; border_width=\u00bb2px\u00bb border_style=\u00bbsolid\u00bb global_colors_info=\u00bb{}\u00bb]<\/p>\n<p style=\"text-align: center\"><strong>PARA CONTACTARSE CON LA OATec<\/strong><\/p>\n<p>[\/et_pb_text][et_pb_text _builder_version=\u00bb4.26.1&#8243; background_size=\u00bbinitial\u00bb background_position=\u00bbtop_left\u00bb background_repeat=\u00bbrepeat\u00bb custom_margin=\u00bb|100px||\u00bb use_border_color=\u00bboff\u00bb global_colors_info=\u00bb{}\u00bb]<\/p>\n<p><img loading=\"lazy\" decoding=\"async\" class=\"alignnone wp-image-6820 \" src=\"https:\/\/oatec-nv.s3.amazonaws.com\/wp-content\/uploads\/2022\/12\/mail-1-1-1.png\" alt=\"\" width=\"14\" height=\"14\" \/>\u00a0 Enviar un mail a <a href=\"mailto:oatec@itba.edu.ar\">oatec@itba.edu.ar<\/a><br \/><img loading=\"lazy\" decoding=\"async\" class=\"alignnone wp-image-6821 \" src=\"https:\/\/oatec-nv.s3.amazonaws.com\/wp-content\/uploads\/2022\/12\/telefono-1080x1455-223x300-1.png\" alt=\"\" width=\"15\" height=\"20\" \/>\u00a0 +54 (11) 5583 &#8211; 3709 (WhatsApp)<\/p>\n<p><a href=\"https:\/\/api.whatsapp.com\/send?phone=5491155833709&amp;text=\"><img loading=\"lazy\" decoding=\"async\" class=\"alignnone wp-image-11575\" src=\"https:\/\/oatec-nv.s3.amazonaws.com\/wp-content\/uploads\/2022\/12\/boton-whatsapp-300x83-1.png\" alt=\"\" width=\"180\" height=\"50\" \/><\/a><\/p>\n<p><strong><img loading=\"lazy\" decoding=\"async\" class=\"alignnone wp-image-6822\" src=\"https:\/\/oatec-nv.s3.amazonaws.com\/wp-content\/uploads\/2022\/12\/reloj.png\" alt=\"\" width=\"17\" height=\"17\" \/>\u00a0 Horario de atenci\u00f3n: <\/strong>de 08:00 hs a 15:30 hs.<\/p>\n<p>&nbsp;<\/p>\n<p>[\/et_pb_text][et_pb_social_media_follow _builder_version=\u00bb4.16&#8243; link_shape=\u00bbrounded_rectangle\u00bb global_colors_info=\u00bb{}\u00bb][et_pb_social_media_follow_network social_network=\u00bbfacebook\u00bb url=\u00bbhttps:\/\/www.facebook.com\/OATec-Olimp%C3%ADada-Argentina-de-Tecnolog%C3%ADa-993136257366810\/?ref=hl\u00bb _builder_version=\u00bb4.16&#8243; background_color=\u00bb#3b5998&#8243; bg_color=\u00bb#3b5998&#8243; global_colors_info=\u00bb{}\u00bb follow_button=\u00bboff\u00bb url_new_window=\u00bbon\u00bb]facebook<br \/>\n[\/et_pb_social_media_follow_network][et_pb_social_media_follow_network social_network=\u00bbinstagram\u00bb url=\u00bbhttps:\/\/www.instagram.com\/oatec.tecnologia\u00bb _builder_version=\u00bb4.16&#8243; background_color=\u00bb#a84f81&#8243; bg_color=\u00bb#a84f81&#8243; global_colors_info=\u00bb{}\u00bb follow_button=\u00bboff\u00bb url_new_window=\u00bbon\u00bb]Instagram<br \/>\n[\/et_pb_social_media_follow_network][et_pb_social_media_follow_network social_network=\u00bbtwitter\u00bb url=\u00bbhttps:\/\/twitter.com\/OATec_\u00bb _builder_version=\u00bb4.22.2&#8243; background_color=\u00bb#000000&#8243; bg_color=\u00bb#00aced\u00bb global_colors_info=\u00bb{}\u00bb follow_button=\u00bboff\u00bb url_new_window=\u00bbon\u00bb]Twitter<br \/>\n[\/et_pb_social_media_follow_network][et_pb_social_media_follow_network social_network=\u00bbyoutube\u00bb url=\u00bbhttps:\/\/www.youtube.com\/user\/ITBAuniversidad\u00bb _builder_version=\u00bb4.16&#8243; background_color=\u00bb#a82400&#8243; bg_color=\u00bb#a82400&#8243; global_colors_info=\u00bb{}\u00bb follow_button=\u00bboff\u00bb url_new_window=\u00bbon\u00bb]Youtube<br \/>\n[\/et_pb_social_media_follow_network][\/et_pb_social_media_follow][et_pb_text _builder_version=\u00bb4.16&#8243; background_size=\u00bbinitial\u00bb background_position=\u00bbtop_left\u00bb background_repeat=\u00bbrepeat\u00bb custom_margin=\u00bb|100px||\u00bb use_border_color=\u00bboff\u00bb global_colors_info=\u00bb{}\u00bb]<\/p>\n<p><strong><img loading=\"lazy\" decoding=\"async\" class=\"alignnone wp-image-6823 \" src=\"https:\/\/oatec-nv.s3.amazonaws.com\/wp-content\/uploads\/2022\/12\/map-300x300-1.png\" alt=\"\" width=\"25\" height=\"25\" \/>ITBA<\/strong><br \/>Iguaz\u00fa 341<br \/>Ciudad Aut\u00f3noma de Buenos Aires<\/p>\n<p>[\/et_pb_text][\/et_pb_column][et_pb_column type=\u00bb1_2&#8243; _builder_version=\u00bb4.16&#8243; custom_padding=\u00bb|||\u00bb global_colors_info=\u00bb{}\u00bb custom_padding__hover=\u00bb|||\u00bb][et_pb_contact_form email=\u00bboatec@itba.edu.ar\u00bb title=\u00bbCONTACTATE\u00bb _builder_version=\u00bb4.16&#8243; _unique_id=\u00bb6b03c9d2-c97f-42da-92f0-a21798282aa4&#8243; form_field_background_color=\u00bbrgba(0,73,132,0.84)\u00bb form_field_text_color=\u00bb#fcfcfc\u00bb title_text_color=\u00bb#004984&#8243; title_line_height=\u00bb1.5em\u00bb custom_button=\u00bbon\u00bb button_text_size=\u00bb18&#8243; button_text_color=\u00bb#004984&#8243; button_border_color=\u00bbrgba(0,73,132,0.84)\u00bb button_border_radius=\u00bb6&#8243; button_icon=\u00bb&#xe010;||divi||400&#8243; button_icon_color=\u00bb#004984&#8243; border_radii=\u00bbon|6px|6px|6px|6px\u00bb use_border_color=\u00bboff\u00bb border_color=\u00bb#ffffff\u00bb border_style=\u00bbsolid\u00bb input_border_radius=\u00bb6&#8243; form_background_color=\u00bbrgba(0,73,132,0.84)\u00bb global_colors_info=\u00bb{}\u00bb][et_pb_contact_field field_id=\u00bbNombre\u00bb field_title=\u00bbNombre\u00bb _builder_version=\u00bb4.16&#8243; form_field_font=\u00bb||||\u00bb use_border_color=\u00bboff\u00bb border_style=\u00bbsolid\u00bb global_colors_info=\u00bb{}\u00bb button_text_size__hover_enabled=\u00bboff\u00bb button_one_text_size__hover_enabled=\u00bboff\u00bb button_two_text_size__hover_enabled=\u00bboff\u00bb button_text_color__hover_enabled=\u00bboff\u00bb button_one_text_color__hover_enabled=\u00bboff\u00bb button_two_text_color__hover_enabled=\u00bboff\u00bb button_border_width__hover_enabled=\u00bboff\u00bb button_one_border_width__hover_enabled=\u00bboff\u00bb button_two_border_width__hover_enabled=\u00bboff\u00bb button_border_color__hover_enabled=\u00bboff\u00bb button_one_border_color__hover_enabled=\u00bboff\u00bb button_two_border_color__hover_enabled=\u00bboff\u00bb button_border_radius__hover_enabled=\u00bboff\u00bb button_one_border_radius__hover_enabled=\u00bboff\u00bb button_two_border_radius__hover_enabled=\u00bboff\u00bb button_letter_spacing__hover_enabled=\u00bboff\u00bb button_one_letter_spacing__hover_enabled=\u00bboff\u00bb button_two_letter_spacing__hover_enabled=\u00bboff\u00bb button_bg_color__hover_enabled=\u00bboff\u00bb button_one_bg_color__hover_enabled=\u00bboff\u00bb button_two_bg_color__hover_enabled=\u00bboff\u00bb][\/et_pb_contact_field][et_pb_contact_field field_id=\u00bbEmail\u00bb field_title=\u00bbEmail \u00bb field_type=\u00bbemail\u00bb _builder_version=\u00bb4.16&#8243; form_field_font=\u00bb||||\u00bb use_border_color=\u00bboff\u00bb border_style=\u00bbsolid\u00bb global_colors_info=\u00bb{}\u00bb button_text_size__hover_enabled=\u00bboff\u00bb button_one_text_size__hover_enabled=\u00bboff\u00bb button_two_text_size__hover_enabled=\u00bboff\u00bb button_text_color__hover_enabled=\u00bboff\u00bb button_one_text_color__hover_enabled=\u00bboff\u00bb button_two_text_color__hover_enabled=\u00bboff\u00bb button_border_width__hover_enabled=\u00bboff\u00bb button_one_border_width__hover_enabled=\u00bboff\u00bb button_two_border_width__hover_enabled=\u00bboff\u00bb button_border_color__hover_enabled=\u00bboff\u00bb button_one_border_color__hover_enabled=\u00bboff\u00bb button_two_border_color__hover_enabled=\u00bboff\u00bb button_border_radius__hover_enabled=\u00bboff\u00bb button_one_border_radius__hover_enabled=\u00bboff\u00bb button_two_border_radius__hover_enabled=\u00bboff\u00bb button_letter_spacing__hover_enabled=\u00bboff\u00bb button_one_letter_spacing__hover_enabled=\u00bboff\u00bb button_two_letter_spacing__hover_enabled=\u00bboff\u00bb button_bg_color__hover_enabled=\u00bboff\u00bb button_one_bg_color__hover_enabled=\u00bboff\u00bb button_two_bg_color__hover_enabled=\u00bboff\u00bb][\/et_pb_contact_field][et_pb_contact_field field_id=\u00bbMensaje\u00bb field_title=\u00bbMensaje\u00bb field_type=\u00bbtext\u00bb fullwidth_field=\u00bbon\u00bb _builder_version=\u00bb4.16&#8243; form_field_font=\u00bb||||\u00bb use_border_color=\u00bboff\u00bb border_style=\u00bbsolid\u00bb global_colors_info=\u00bb{}\u00bb button_text_size__hover_enabled=\u00bboff\u00bb button_one_text_size__hover_enabled=\u00bboff\u00bb button_two_text_size__hover_enabled=\u00bboff\u00bb button_text_color__hover_enabled=\u00bboff\u00bb button_one_text_color__hover_enabled=\u00bboff\u00bb button_two_text_color__hover_enabled=\u00bboff\u00bb button_border_width__hover_enabled=\u00bboff\u00bb button_one_border_width__hover_enabled=\u00bboff\u00bb button_two_border_width__hover_enabled=\u00bboff\u00bb button_border_color__hover_enabled=\u00bboff\u00bb button_one_border_color__hover_enabled=\u00bboff\u00bb button_two_border_color__hover_enabled=\u00bboff\u00bb button_border_radius__hover_enabled=\u00bboff\u00bb button_one_border_radius__hover_enabled=\u00bboff\u00bb button_two_border_radius__hover_enabled=\u00bboff\u00bb button_letter_spacing__hover_enabled=\u00bboff\u00bb button_one_letter_spacing__hover_enabled=\u00bboff\u00bb button_two_letter_spacing__hover_enabled=\u00bboff\u00bb button_bg_color__hover_enabled=\u00bboff\u00bb button_one_bg_color__hover_enabled=\u00bboff\u00bb button_two_bg_color__hover_enabled=\u00bboff\u00bb][\/et_pb_contact_field][\/et_pb_contact_form][\/et_pb_column][\/et_pb_row][et_pb_row _builder_version=\u00bb4.16&#8243; background_size=\u00bbinitial\u00bb background_position=\u00bbtop_left\u00bb background_repeat=\u00bbrepeat\u00bb global_colors_info=\u00bb{}\u00bb][et_pb_column type=\u00bb4_4&#8243; _builder_version=\u00bb4.16&#8243; custom_padding=\u00bb|||\u00bb global_colors_info=\u00bb{}\u00bb custom_padding__hover=\u00bb|||\u00bb][et_pb_map address=\u00bbAv. Eduardo Madero 399, C1106ACD CABA, Argentina\u00bb zoom_level=\u00bb12&#8243; address_lat=\u00bb-34.63101147027423&#8243; address_lng=\u00bb-58.329831839923095&#8243; disabled_on=\u00bbon|on|on\u00bb _builder_version=\u00bb4.16&#8243; disabled=\u00bbon\u00bb global_colors_info=\u00bb{}\u00bb][et_pb_map_pin title=\u00bbIguaz\u00fa 341, C1106ACD CABA, Argentina\u00bb pin_address=\u00bbAv. Eduardo Madero 399, C1106ACD CABA, Argentina\u00bb pin_address_lat=\u00bb-34.6028459&#8243; pin_address_lng=\u00bb-58.36817669999999&#8243; _builder_version=\u00bb4.14.8&#8243; global_colors_info=\u00bb{}\u00bb][\/et_pb_map_pin][\/et_pb_map][\/et_pb_column][\/et_pb_row][\/et_pb_section]<\/p>\n","protected":false},"excerpt":{"rendered":"<p>OATEC 2026CONTACTO PARA CONTACTARSE CON LA OATec\u00a0 Enviar un mail a oatec@itba.edu.ar\u00a0 +54 (11) 5583 &#8211; 3709 (WhatsApp) \u00a0 Horario de atenci\u00f3n: de 08:00 hs a 15:30 hs. &nbsp;ITBAIguaz\u00fa 341Ciudad Aut\u00f3noma de Buenos Aires<\/p>\n","protected":false},"author":4,"featured_media":0,"parent":0,"menu_order":0,"comment_status":"closed","ping_status":"closed","template":"","meta":{"_et_pb_use_builder":"on","_et_pb_old_content":"","_et_gb_content_width":"","footnotes":""},"class_list":["post-42","page","type-page","status-publish","hentry"],"_links":{"self":[{"href":"https:\/\/www.oatec.org.ar\/index.php\/wp-json\/wp\/v2\/pages\/42","targetHints":{"allow":["GET"]}}],"collection":[{"href":"https:\/\/www.oatec.org.ar\/index.php\/wp-json\/wp\/v2\/pages"}],"about":[{"href":"https:\/\/www.oatec.org.ar\/index.php\/wp-json\/wp\/v2\/types\/page"}],"author":[{"embeddable":true,"href":"https:\/\/www.oatec.org.ar\/index.php\/wp-json\/wp\/v2\/users\/4"}],"replies":[{"embeddable":true,"href":"https:\/\/www.oatec.org.ar\/index.php\/wp-json\/wp\/v2\/comments?post=42"}],"version-history":[{"count":12,"href":"https:\/\/www.oatec.org.ar\/index.php\/wp-json\/wp\/v2\/pages\/42\/revisions"}],"predecessor-version":[{"id":2832,"href":"https:\/\/www.oatec.org.ar\/index.php\/wp-json\/wp\/v2\/pages\/42\/revisions\/2832"}],"wp:attachment":[{"href":"https:\/\/www.oatec.org.ar\/index.php\/wp-json\/wp\/v2\/media?parent=42"}],"curies":[{"name":"wp","href":"https:\/\/api.w.org\/{rel}","templated":true}]}}