{"id":76,"date":"2022-12-19T12:46:35","date_gmt":"2022-12-19T15:46:35","guid":{"rendered":"http:\/\/oatec.itba.edu.ar\/?page_id=76"},"modified":"2026-02-25T17:19:31","modified_gmt":"2026-02-25T20:19:31","slug":"examen-modelo","status":"publish","type":"page","link":"https:\/\/www.oatec.org.ar\/index.php\/examen-modelo\/","title":{"rendered":"Modelo de examen"},"content":{"rendered":"<p>[et_pb_section fb_built=\u00bb1&#8243; inner_shadow=\u00bbon\u00bb fullwidth=\u00bbon\u00bb _builder_version=\u00bb4.16&#8243; background_color=\u00bb#ffffff\u00bb top_divider_style=\u00bbcurve2&#8243; top_divider_color=\u00bbrgba(0,0,0,0.22)\u00bb top_divider_height=\u00bb19px\u00bb box_shadow_style=\u00bbpreset6&#8243; global_colors_info=\u00bb{}\u00bb][et_pb_fullwidth_header text_orientation=\u00bbcenter\u00bb background_overlay_color=\u00bbrgba(120,229,18,0.63)\u00bb module_id=\u00bb.et_pb_section\u00bb module_class=\u00bb.et_pb_section\u00bb _builder_version=\u00bb4.27.4&#8243; content_font=\u00bbComfortaa||||||||\u00bb content_text_align=\u00bbcenter\u00bb background_color=\u00bb#7ebec5&#8243; parallax=\u00bbon\u00bb background_layout=\u00bblight\u00bb max_width_tablet=\u00bb50px\u00bb child_filter_saturate=\u00bb41%\u00bb child_filter_opacity=\u00bb0%\u00bb custom_css_main_element=\u00bbpadding-top:0px;\u00bb custom_css_header_container=\u00bbheight:10px;||max-height: 80px;\u00bb text_shadow_style=\u00bbpreset5&#8243; global_colors_info=\u00bb{}\u00bb button_one_text_size__hover_enabled=\u00bboff\u00bb button_one_text_size__hover=\u00bbnull\u00bb button_two_text_size__hover_enabled=\u00bboff\u00bb button_two_text_size__hover=\u00bbnull\u00bb button_one_text_color__hover_enabled=\u00bboff\u00bb button_one_text_color__hover=\u00bbnull\u00bb button_two_text_color__hover_enabled=\u00bboff\u00bb button_two_text_color__hover=\u00bbnull\u00bb button_one_border_width__hover_enabled=\u00bboff\u00bb button_one_border_width__hover=\u00bbnull\u00bb button_two_border_width__hover_enabled=\u00bboff\u00bb button_two_border_width__hover=\u00bbnull\u00bb button_one_border_color__hover_enabled=\u00bboff\u00bb button_one_border_color__hover=\u00bbnull\u00bb button_two_border_color__hover_enabled=\u00bboff\u00bb button_two_border_color__hover=\u00bbnull\u00bb button_one_border_radius__hover_enabled=\u00bboff\u00bb button_one_border_radius__hover=\u00bbnull\u00bb button_two_border_radius__hover_enabled=\u00bboff\u00bb button_two_border_radius__hover=\u00bbnull\u00bb button_one_letter_spacing__hover_enabled=\u00bbon\u00bb button_one_letter_spacing__hover=\u00bb0&#8243; button_two_letter_spacing__hover_enabled=\u00bbon\u00bb button_two_letter_spacing__hover=\u00bb0&#8243; button_one_bg_color__hover_enabled=\u00bboff\u00bb button_one_bg_color__hover=\u00bbnull\u00bb button_two_bg_color__hover_enabled=\u00bboff\u00bb button_two_bg_color__hover=\u00bbnull\u00bb]<\/p>\n<p style=\"text-align: center;\"><span style=\"color: #ffffff;\">OATEC 2026<\/span><\/p>\n<p>[\/et_pb_fullwidth_header][\/et_pb_section][et_pb_section fb_built=\u00bb1&#8243; custom_padding_last_edited=\u00bbon|desktop\u00bb admin_label=\u00bbsection\u00bb _builder_version=\u00bb4.16&#8243; background_color=\u00bb#f4f4f4&#8243; custom_padding_tablet=\u00bb50px|0|50px|0&#8243; custom_padding_phone=\u00bb\u00bb transparent_background=\u00bboff\u00bb padding_mobile=\u00bboff\u00bb make_fullwidth=\u00bboff\u00bb use_custom_width=\u00bboff\u00bb width_unit=\u00bbon\u00bb global_colors_info=\u00bb{}\u00bb][et_pb_row padding_mobile=\u00bboff\u00bb column_padding_mobile=\u00bbon\u00bb admin_label=\u00bbrow\u00bb _builder_version=\u00bb4.16&#8243; background_size=\u00bbinitial\u00bb background_position=\u00bbtop_left\u00bb background_repeat=\u00bbrepeat\u00bb custom_width_px=\u00bb550px\u00bb global_colors_info=\u00bb{}\u00bb][et_pb_column type=\u00bb4_4&#8243; _builder_version=\u00bb4.16&#8243; custom_padding=\u00bb|||\u00bb global_colors_info=\u00bb{}\u00bb custom_padding__hover=\u00bb|||\u00bb][et_pb_text _builder_version=\u00bb4.27.4&#8243; background_size=\u00bbinitial\u00bb background_position=\u00bbtop_left\u00bb background_repeat=\u00bbrepeat\u00bb use_border_color=\u00bboff\u00bb global_colors_info=\u00bb{}\u00bb]<\/p>\n<p style=\"text-align: right; color: #93bb3b;\"><a href=\"https:\/\/www.oatec.org.ar\/index.php\/examenes\/\">EX\u00c1MENES<\/a>\u00a0 <span style=\"color: #a6a6a6;\"> &gt;&gt; <\/span>\u00a0 MODELO DE EXAMEN<\/p>\n<p>[\/et_pb_text][et_pb_text _builder_version=\u00bb4.25.2&#8243; background_size=\u00bbinitial\u00bb background_position=\u00bbtop_left\u00bb background_repeat=\u00bbrepeat\u00bb use_border_color=\u00bboff\u00bb global_colors_info=\u00bb{}\u00bb]<\/p>\n<h1 class=\"centered-title\">MODELO DE EXAMEN<\/h1>\n<p>[\/et_pb_text][et_pb_divider color=\u00bb#81d742&#8243; divider_weight=\u00bb2&#8243; _builder_version=\u00bb4.16&#8243; height=\u00bb2px\u00bb hide_on_mobile=\u00bboff\u00bb global_colors_info=\u00bb{}\u00bb][\/et_pb_divider][\/et_pb_column][\/et_pb_row][et_pb_row _builder_version=\u00bb4.25.2&#8243; _module_preset=\u00bbdefault\u00bb global_colors_info=\u00bb{}\u00bb][et_pb_column type=\u00bb4_4&#8243; _builder_version=\u00bb4.25.2&#8243; _module_preset=\u00bbdefault\u00bb global_colors_info=\u00bb{}\u00bb][et_pb_text _builder_version=\u00bb4.27.4&#8243; _module_preset=\u00bbdefault\u00bb custom_padding=\u00bb||1px|||\u00bb global_colors_info=\u00bb{}\u00bb]<\/p>\n<p><strong><span><\/span><\/strong><\/p>\n<p><strong><span>Pr\u00f3ximamente actualizaremos el modelo de examen 2026<\/span><\/strong><\/p>\n<ul><\/ul>\n<p>[\/et_pb_text][et_pb_button button_url=\u00bbhttps:\/\/www.oatec.org.ar\/wp-content\/uploads\/2024\/08\/Oatec-2024-Respuestas-de-las-45-preguntas-para-ejercitar.pdf\u00bb url_new_window=\u00bbon\u00bb button_text=\u00bbDescargar respuestas del modelo de examen\u00bb disabled_on=\u00bbon|on|on\u00bb _builder_version=\u00bb4.26.1&#8243; _module_preset=\u00bbdefault\u00bb custom_button=\u00bbon\u00bb button_text_size=\u00bb16px\u00bb button_text_color=\u00bb#FFFFFF\u00bb button_bg_color=\u00bb#006b3c\u00bb button_border_color=\u00bb#FFFFFF\u00bb button_icon=\u00bb&#xe092;||divi||400&#8243; button_on_hover=\u00bboff\u00bb custom_margin=\u00bb||||false|false\u00bb custom_padding=\u00bb||||false|false\u00bb disabled=\u00bbon\u00bb global_colors_info=\u00bb{}\u00bb][\/et_pb_button][\/et_pb_column][\/et_pb_row][et_pb_row _builder_version=\u00bb4.19.3&#8243; _module_preset=\u00bbdefault\u00bb global_colors_info=\u00bb{}\u00bb][et_pb_column type=\u00bb4_4&#8243; _builder_version=\u00bb4.19.3&#8243; _module_preset=\u00bbdefault\u00bb global_colors_info=\u00bb{}\u00bb][et_pb_text _builder_version=\u00bb4.27.4&#8243; _module_preset=\u00bbdefault\u00bb custom_padding=\u00bb||0px|||\u00bb global_colors_info=\u00bb{}\u00bb]<\/p>\n<p><strong><span style=\"color: #4f4f4f;\">A tener en cuenta:<\/span><\/strong><\/p>\n<p><strong><span style=\"color: #4f4f4f;\">1 &#8211; \u00bfQue se eval\u00faa en la 1ra. y 2da. instancia?<\/span><\/strong><\/p>\n<p><strong>Examen online &#8211; preguntas para resolver en un tiempo determinado, m\u00faltiple choice.<\/strong><\/p>\n<ul>\n<li>Conocimiento general sobre la tem\u00e1tica.<\/li>\n<li>Manejo de \u00f3rdenes de magnitud.<\/li>\n<li>L\u00f3gica deductiva.<\/li>\n<li>Capacidad para resolver problemas.<em><strong><\/strong><\/em><\/li>\n<\/ul>\n<p><em><strong><\/strong><\/em><\/p>\n<p><em><strong><\/strong><\/em><br \/><strong><span style=\"color: #4f4f4f;\">2 &#8211; \u00bfQue se eval\u00faa en la 3er. instancia?<\/span><\/strong><\/p>\n<p><strong>Se deber\u00e1n resolver proyectos tecnol\u00f3gicos varios.<\/strong><\/p>\n<p><strong><\/strong><\/p>\n<ul>\n<li>Habilidad manual.<\/li>\n<li>Planificaci\u00f3n y econom\u00eda de esfuerzos.<\/li>\n<li>Capacidad para lograr objetivos en trabajo individual y colectivo.<\/li>\n<li>Creatividad.<\/li>\n<li>Interpretaci\u00f3n de consignas.<\/li>\n<li>Capacidad expositora.<\/li>\n<\/ul>\n<p>[\/et_pb_text][et_pb_text disabled_on=\u00bboff|off|off\u00bb _builder_version=\u00bb4.27.4&#8243; _module_preset=\u00bbdefault\u00bb custom_padding=\u00bb||0px|||\u00bb global_colors_info=\u00bb{}\u00bb]<\/p>\n<p>A modo de ejemplos se pueden descargar ejercicios de <strong>ediciones anteriores<\/strong>:<\/p>\n<ul>\n<li><a href=\"https:\/\/oatec-nv.s3.amazonaws.com\/wp-content\/uploads\/2025\/08\/EXAMEN-MODELO-2025-con-respuestas-correctas.pdf\">Oatec 2025 &#8211; Modelo de examen<\/a><\/li>\n<li><a href=\"https:\/\/www.oatec.org.ar\/wp-content\/uploads\/2024\/08\/OATec2024-45-preguntas-para-ejercitar.pdf\" rel=\"attachment wp-att-1271\">OATec 2024 &#8211; Modelo de examen<\/a><\/li>\n<li><a href=\"https:\/\/oatec-nv.s3.amazonaws.com\/wp-content\/uploads\/2023\/08\/Examen-modelo-OATec-2023-respuestas-correctas-problemas-ultima-version.pdf\" rel=\"attachment wp-att-1271\"><\/a><a href=\"https:\/\/oatec-nv.s3.amazonaws.com\/wp-content\/uploads\/2023\/08\/Examen-modelo-OATec-2023-respuestas-correctas-problemas-ultima-version.pdf\" rel=\"attachment wp-att-1271\">OATec 2023 &#8211; Modelo de examen<\/a><\/li>\n<li><a href=\"https:\/\/oatec-nv.s3.amazonaws.com\/wp-content\/uploads\/2023\/04\/2022-Agua-vida-y-tecnologia-Ejercicios-tipo-para-la-web-con-respuestas-correctas.pdf\" rel=\"attachment wp-att-1146\">OATec 2022 &#8211; Modelo de examen<\/a><\/li>\n<\/ul>\n<p>&nbsp;<\/p>\n<p>[\/et_pb_text][\/et_pb_column][\/et_pb_row][\/et_pb_section]<\/p>\n","protected":false},"excerpt":{"rendered":"<p>OATEC 2026EX\u00c1MENES\u00a0 &gt;&gt; \u00a0 MODELO DE EXAMENMODELO DE EXAMEN Pr\u00f3ximamente actualizaremos el modelo de examen 2026 A tener en cuenta: 1 &#8211; \u00bfQue se eval\u00faa en la 1ra. y 2da. instancia? Examen online &#8211; preguntas para resolver en un tiempo determinado, m\u00faltiple choice. Conocimiento general sobre la tem\u00e1tica. Manejo de \u00f3rdenes de magnitud. L\u00f3gica deductiva. [&hellip;]<\/p>\n","protected":false},"author":4,"featured_media":0,"parent":0,"menu_order":0,"comment_status":"closed","ping_status":"closed","template":"","meta":{"_et_pb_use_builder":"on","_et_pb_old_content":"","_et_gb_content_width":"","footnotes":""},"class_list":["post-76","page","type-page","status-publish","hentry"],"_links":{"self":[{"href":"https:\/\/www.oatec.org.ar\/index.php\/wp-json\/wp\/v2\/pages\/76","targetHints":{"allow":["GET"]}}],"collection":[{"href":"https:\/\/www.oatec.org.ar\/index.php\/wp-json\/wp\/v2\/pages"}],"about":[{"href":"https:\/\/www.oatec.org.ar\/index.php\/wp-json\/wp\/v2\/types\/page"}],"author":[{"embeddable":true,"href":"https:\/\/www.oatec.org.ar\/index.php\/wp-json\/wp\/v2\/users\/4"}],"replies":[{"embeddable":true,"href":"https:\/\/www.oatec.org.ar\/index.php\/wp-json\/wp\/v2\/comments?post=76"}],"version-history":[{"count":85,"href":"https:\/\/www.oatec.org.ar\/index.php\/wp-json\/wp\/v2\/pages\/76\/revisions"}],"predecessor-version":[{"id":2844,"href":"https:\/\/www.oatec.org.ar\/index.php\/wp-json\/wp\/v2\/pages\/76\/revisions\/2844"}],"wp:attachment":[{"href":"https:\/\/www.oatec.org.ar\/index.php\/wp-json\/wp\/v2\/media?parent=76"}],"curies":[{"name":"wp","href":"https:\/\/api.w.org\/{rel}","templated":true}]}}