{"id":98,"date":"2022-12-19T13:11:18","date_gmt":"2022-12-19T16:11:18","guid":{"rendered":"http:\/\/oatec.itba.edu.ar\/?page_id=98"},"modified":"2026-03-16T08:47:42","modified_gmt":"2026-03-16T11:47:42","slug":"instructivo-proceso-de-inscripcion","status":"publish","type":"page","link":"https:\/\/www.oatec.org.ar\/index.php\/instructivo-proceso-de-inscripcion\/","title":{"rendered":"Instructivo proceso de inscripci\u00f3n"},"content":{"rendered":"<p>[et_pb_section fb_built=\u00bb1&#8243; inner_shadow=\u00bbon\u00bb fullwidth=\u00bbon\u00bb _builder_version=\u00bb4.16&#8243; background_color=\u00bb#ffffff\u00bb top_divider_style=\u00bbcurve2&#8243; top_divider_color=\u00bbrgba(0,0,0,0.22)\u00bb top_divider_height=\u00bb19px\u00bb box_shadow_style=\u00bbpreset6&#8243; global_colors_info=\u00bb{}\u00bb][et_pb_fullwidth_header text_orientation=\u00bbcenter\u00bb background_overlay_color=\u00bbrgba(120,229,18,0.63)\u00bb module_id=\u00bb.et_pb_section\u00bb module_class=\u00bb.et_pb_section\u00bb _builder_version=\u00bb4.19.3&#8243; content_font=\u00bbComfortaa||||||||\u00bb content_text_align=\u00bbcenter\u00bb background_color=\u00bb#7ebec5&#8243; parallax=\u00bbon\u00bb background_layout=\u00bblight\u00bb max_width_tablet=\u00bb50px\u00bb child_filter_saturate=\u00bb41%\u00bb child_filter_opacity=\u00bb0%\u00bb custom_css_main_element=\u00bbpadding-top:0px;\u00bb custom_css_header_container=\u00bbheight:10px;||max-height: 80px;\u00bb text_shadow_style=\u00bbpreset5&#8243; global_colors_info=\u00bb{}\u00bb button_one_text_size__hover_enabled=\u00bboff\u00bb button_one_text_size__hover=\u00bbnull\u00bb button_two_text_size__hover_enabled=\u00bboff\u00bb button_two_text_size__hover=\u00bbnull\u00bb button_one_text_color__hover_enabled=\u00bboff\u00bb button_one_text_color__hover=\u00bbnull\u00bb button_two_text_color__hover_enabled=\u00bboff\u00bb button_two_text_color__hover=\u00bbnull\u00bb button_one_border_width__hover_enabled=\u00bboff\u00bb button_one_border_width__hover=\u00bbnull\u00bb button_two_border_width__hover_enabled=\u00bboff\u00bb button_two_border_width__hover=\u00bbnull\u00bb button_one_border_color__hover_enabled=\u00bboff\u00bb button_one_border_color__hover=\u00bbnull\u00bb button_two_border_color__hover_enabled=\u00bboff\u00bb button_two_border_color__hover=\u00bbnull\u00bb button_one_border_radius__hover_enabled=\u00bboff\u00bb button_one_border_radius__hover=\u00bbnull\u00bb button_two_border_radius__hover_enabled=\u00bboff\u00bb button_two_border_radius__hover=\u00bbnull\u00bb button_one_letter_spacing__hover_enabled=\u00bbon\u00bb button_one_letter_spacing__hover=\u00bb0&#8243; button_two_letter_spacing__hover_enabled=\u00bbon\u00bb button_two_letter_spacing__hover=\u00bb0&#8243; button_one_bg_color__hover_enabled=\u00bboff\u00bb button_one_bg_color__hover=\u00bbnull\u00bb button_two_bg_color__hover_enabled=\u00bboff\u00bb button_two_bg_color__hover=\u00bbnull\u00bb]<\/p>\n<p style=\"text-align: center;\"><span style=\"color: #ffffff;\">OATEC 2026<\/span><\/p>\n<p>[\/et_pb_fullwidth_header][\/et_pb_section][et_pb_section fb_built=\u00bb1&#8243; custom_padding_last_edited=\u00bbon|desktop\u00bb admin_label=\u00bbsection\u00bb _builder_version=\u00bb4.16&#8243; background_color=\u00bb#f4f4f4&#8243; custom_padding_tablet=\u00bb50px|0|50px|0&#8243; custom_padding_phone=\u00bb\u00bb transparent_background=\u00bboff\u00bb padding_mobile=\u00bboff\u00bb make_fullwidth=\u00bboff\u00bb use_custom_width=\u00bboff\u00bb width_unit=\u00bbon\u00bb global_colors_info=\u00bb{}\u00bb][et_pb_row padding_mobile=\u00bboff\u00bb column_padding_mobile=\u00bbon\u00bb admin_label=\u00bbrow\u00bb _builder_version=\u00bb4.16&#8243; background_size=\u00bbinitial\u00bb background_position=\u00bbtop_left\u00bb background_repeat=\u00bbrepeat\u00bb custom_width_px=\u00bb550px\u00bb global_colors_info=\u00bb{}\u00bb][et_pb_column type=\u00bb4_4&#8243; _builder_version=\u00bb4.16&#8243; custom_padding=\u00bb|||\u00bb global_colors_info=\u00bb{}\u00bb custom_padding__hover=\u00bb|||\u00bb][et_pb_text _builder_version=\u00bb4.19.3&#8243; background_size=\u00bbinitial\u00bb background_position=\u00bbtop_left\u00bb background_repeat=\u00bbrepeat\u00bb use_border_color=\u00bboff\u00bb global_colors_info=\u00bb{}\u00bb]<\/p>\n<p style=\"text-align: right; color: #93bb3b;\"><a href=\"https:\/\/www.oatec.org.ar\/index.php\/acerca-de-oatec\/\">ACERCA DE OATec\u00a0<\/a><span style=\"color: #a6a6a6;\"> &gt;&gt; <\/span>\u00a0INSTRUCTIVO PROCESO DE INSCRIPCI\u00d3N<\/p>\n<p>[\/et_pb_text][et_pb_text _builder_version=\u00bb4.16&#8243; background_size=\u00bbinitial\u00bb background_position=\u00bbtop_left\u00bb background_repeat=\u00bbrepeat\u00bb use_border_color=\u00bboff\u00bb border_color=\u00bb#ffffff\u00bb border_style=\u00bbsolid\u00bb global_colors_info=\u00bb{}\u00bb]<\/p>\n<h1 style=\"line-height: 40px\">INSTRUCTIVO PROCESO DE INSCRIPCI\u00d3N<\/h1>\n<p>[\/et_pb_text][et_pb_divider color=\u00bb#81d742&#8243; divider_weight=\u00bb2&#8243; disabled_on=\u00bbon|on|off\u00bb _builder_version=\u00bb4.16&#8243; height=\u00bb2px\u00bb hide_on_mobile=\u00bbon\u00bb global_colors_info=\u00bb{}\u00bb][\/et_pb_divider][et_pb_text _builder_version=\u00bb4.24.2&#8243; background_size=\u00bbinitial\u00bb background_position=\u00bbtop_left\u00bb background_repeat=\u00bbrepeat\u00bb use_border_color=\u00bboff\u00bb border_color=\u00bb#ffffff\u00bb border_style=\u00bbsolid\u00bb global_colors_info=\u00bb{}\u00bb]<\/p>\n<p><strong>Pasos a seguir:<\/strong> para cualquier tr\u00e1mite o informaci\u00f3n, en todos los casos se comienza por ingresar en el sitio web de la OATec: <a href=\"https:\/\/www.oatec.org.ar\">www.oatec.org.ar<\/a><\/p>\n<p>&nbsp;<\/p>\n<p>[\/et_pb_text][et_pb_text _builder_version=\u00bb4.23.1&#8243; text_text_color=\u00bb#fe370d\u00bb background_size=\u00bbinitial\u00bb background_position=\u00bbtop_left\u00bb background_repeat=\u00bbrepeat\u00bb max_width=\u00bb150px\u00bb border_width_all=\u00bb2&#8243; border_color_all=\u00bb#006b3c\u00bb use_border_color=\u00bboff\u00bb border_color=\u00bb#ffffff\u00bb border_style=\u00bbsolid\u00bb global_colors_info=\u00bb{}\u00bb]<\/p>\n<p style=\"text-align: center;\"><span style=\"color: #006b3c;\"><strong>IMPORTANTE<\/strong><\/span><\/p>\n<p>[\/et_pb_text][et_pb_text _builder_version=\u00bb4.23.1&#8243; background_size=\u00bbinitial\u00bb background_position=\u00bbtop_left\u00bb background_repeat=\u00bbrepeat\u00bb use_border_color=\u00bboff\u00bb border_color=\u00bb#ffffff\u00bb border_style=\u00bbsolid\u00bb global_colors_info=\u00bb{}\u00bb]<\/p>\n<p><strong>Es importante que los mails de los alumnos y de los docentes sean escritos correctamente, ya que ser\u00e1 el medio por el cu\u00e1l podr\u00e1n obtener informaci\u00f3n actualizada sobre las actividades a desarrollarse en la Competencia.<\/strong><\/p>\n<p><span style=\"color: #ff0000;\"><strong>Durante los meses de inscripci\u00f3n hay mucho flujo de correos, chequear si los mismos se encuentran en SPAM.<\/strong><\/span><\/p>\n<blockquote>\n<p><strong><span style=\"color: #ff0000;\">IMPORTANTE:<\/span> Persona de contacto puede ser un docente y es el <span style=\"color: #ff0000;\">\u00fanico<\/span> que recibir\u00e1 los links para inscribir a los alumnos.<\/strong><\/p>\n<\/blockquote>\n<p>[\/et_pb_text][\/et_pb_column][\/et_pb_row][et_pb_row _builder_version=\u00bb4.16&#8243; background_size=\u00bbinitial\u00bb background_position=\u00bbtop_left\u00bb background_repeat=\u00bbrepeat\u00bb global_colors_info=\u00bb{}\u00bb][et_pb_column type=\u00bb4_4&#8243; _builder_version=\u00bb4.16&#8243; custom_padding=\u00bb|||\u00bb global_colors_info=\u00bb{}\u00bb custom_padding__hover=\u00bb|||\u00bb][et_pb_text _builder_version=\u00bb4.27.4&#8243; text_font=\u00bbAbel||||||||\u00bb text_text_color=\u00bb#595757&#8243; text_letter_spacing=\u00bb2px\u00bb background_color=\u00bb#efd500&#8243; background_size=\u00bbinitial\u00bb background_position=\u00bbtop_left\u00bb background_repeat=\u00bbrepeat\u00bb custom_padding=\u00bb15px|15px|15px|15px\u00bb box_shadow_style=\u00bbpreset2&#8243; use_border_color=\u00bboff\u00bb border_color=\u00bb#ffffff\u00bb border_style=\u00bbsolid\u00bb global_colors_info=\u00bb{}\u00bb]<\/p>\n<p style=\"text-align: center;\">PROCESO DE INSCRIPCI\u00d3N DE <strong>COLEGIO \u2013 PERSONA DE CONTACTO Y DOCENTES<\/strong> EN LA OATec<\/p>\n<p>[\/et_pb_text][et_pb_text _builder_version=\u00bb4.24.2&#8243; global_colors_info=\u00bb{}\u00bb]<\/p>\n<p><strong><\/strong><\/p>\n<p><strong>1)<\/strong> Ingresar en el sitio web de la OATec <a href=\"https:\/\/www.oatec.org.ar\">www.oatec.org.ar<\/a><\/p>\n<p>&nbsp;<\/p>\n<p><strong>2)<\/strong> Ir al bot\u00f3n \u201c<strong>Inscripci\u00f3n<\/strong>\u201d que se encuentra en la <strong>home<\/strong> y all\u00ed se abrir\u00e1 la siguiente pantalla:<\/p>\n<p><img loading=\"lazy\" decoding=\"async\" class=\"aligncenter size-full wp-image-11528\" src=\"https:\/\/oatec-nv.s3.amazonaws.com\/wp-content\/uploads\/2022\/12\/Instructivo-Final.png\" alt=\"\" width=\"1058\" height=\"2482\" \/><\/p>\n<p>Una vez completados los datos solicitados, hacer clic en \u201c<strong>Enviar<\/strong>\u201d.<\/p>\n<p><strong>3) Luego les aparecer\u00e1 lo siguiente:<\/strong><\/p>\n<div>Muchas gracias!!!<\/div>\n<div><\/div>\n<div>Hemos recibido el formulario de inscripci\u00f3n del colegio. A la brevedad recibir\u00e1 <strong>la persona de contacto<\/strong> un mail con la validaci\u00f3n del colegio. En caso de no recibir el mail de validaci\u00f3n contactarse a\u00a0<a href=\"mailto:oatec@itba.edu.ar\" target=\"_blank\" rel=\"noopener\">oatec@itba.edu.ar<\/a><\/div>\n<div>Comit\u00e9 Organizador.<\/div>\n<div><\/div>\n<p><strong>4)<\/strong> <strong style=\"font-size: 16px;\">Aclaraci\u00f3n<\/strong><span style=\"font-size: 16px;\">: el estar registrado no implica que haya sido inscripto el colegio en la Competencia. (Ver <\/span><strong style=\"font-size: 16px;\">punto 5<\/strong><span style=\"font-size: 16px;\">).<\/span><\/p>\n<p><strong>5)<\/strong> En caso de que los datos de la inscripci\u00f3n sean <strong><em>correctos<\/em><\/strong>, la OATec validar\u00e1 el registro del colegio inscribi\u00e9ndolo entonces oficialmente en la competencia. En este caso el colegio (Rector) recibir\u00e1 un mail con el siguiente asunto: \u201c<strong>El colegio ha sido validado por la OATec<\/strong>\u201d y en su contenido: l<span>e hemos enviado a <strong>la persona de contacto<\/strong>, los links para poder inscribir a los alumnos y a los docentes a la OATEC.<\/span><\/p>\n<p><span>El docente dado de alta, recibir\u00e1 un mail con el siguiente contenido: El Colegio<br \/>ha sido validado por la OATec. Le hemos enviado a <strong>la persona de contacto<\/strong> los links para poder inscribir a los alumnos y a los docentes a la OATEC.<\/span><\/p>\n<p>[\/et_pb_text][\/et_pb_column][\/et_pb_row][et_pb_row _builder_version=\u00bb4.16&#8243; background_size=\u00bbinitial\u00bb background_position=\u00bbtop_left\u00bb background_repeat=\u00bbrepeat\u00bb global_colors_info=\u00bb{}\u00bb][et_pb_column type=\u00bb4_4&#8243; _builder_version=\u00bb4.16&#8243; custom_padding=\u00bb|||\u00bb global_colors_info=\u00bb{}\u00bb custom_padding__hover=\u00bb|||\u00bb][et_pb_text _builder_version=\u00bb4.27.4&#8243; text_font=\u00bbAbel||||||||\u00bb text_text_color=\u00bb#565656&#8243; text_letter_spacing=\u00bb2px\u00bb background_color=\u00bb#efd500&#8243; background_size=\u00bbinitial\u00bb background_position=\u00bbtop_left\u00bb background_repeat=\u00bbrepeat\u00bb custom_padding=\u00bb15px|15px|15px|15px\u00bb box_shadow_style=\u00bbpreset2&#8243; use_border_color=\u00bboff\u00bb border_color=\u00bb#ffffff\u00bb border_style=\u00bbsolid\u00bb global_colors_info=\u00bb{}\u00bb]<\/p>\n<p style=\"text-align: center;\">PROCESO DE INSCRIPCI\u00d3N DE <strong>ALUMNOS y DOCENTES<\/strong> EN LA OATec<\/p>\n<p>[\/et_pb_text][et_pb_text _builder_version=\u00bb4.19.3&#8243; global_colors_info=\u00bb{}\u00bb]<\/p>\n<p><strong>6)<\/strong> Una vez validada la inscripci\u00f3n de <strong>COLEGIO \u2013 PERSONA DE CONTACTO Y DOCENTE\/ES<\/strong> se podr\u00e1n registrar los alumnos y m\u00e1s docentes que deseen participar de la competencia. Ello se podr\u00e1 hacer de la siguiente manera:<\/p>\n<p><strong>La persona de contacto<\/strong> recibir\u00e1 un mail con el siguiente asunto: \u201c<strong>El colegio ha sido validado por la OATec<\/strong>\u201d, en ese mismo mail, se les enviar\u00e1 dos links para poder ingresar a todos los alumnos que quieran participar y a los docentes que no se inscribieron en el momento que se registr\u00f3 el colegio.<\/p>\n<p>[\/et_pb_text][et_pb_text _builder_version=\u00bb4.16&#8243; text_font=\u00bbAbel||||||||\u00bb background_color=\u00bbrgba(255,255,255,0.89)\u00bb background_size=\u00bbinitial\u00bb background_position=\u00bbtop_left\u00bb background_repeat=\u00bbrepeat\u00bb custom_padding=\u00bb15px|15px|15px|15px\u00bb border_width_all=\u00bb2&#8243; use_border_color=\u00bboff\u00bb border_color=\u00bb#ffffff\u00bb border_style=\u00bbsolid\u00bb global_colors_info=\u00bb{}\u00bb]<\/p>\n<p><strong>IMPORTANT\u00cdSIMO<\/strong>: Poner los datos correctos de los alumnos en caso de hacer alguna modificaci\u00f3n enviar mail a <strong>oatec@itba.edu.ar<\/strong><\/p>\n<p>[\/et_pb_text][et_pb_text _builder_version=\u00bb4.16&#8243; global_colors_info=\u00bb{}\u00bb]<\/p>\n<p><img loading=\"lazy\" decoding=\"async\" class=\"aligncenter size-full wp-image-11530\" src=\"https:\/\/oatec-nv.s3.amazonaws.com\/wp-content\/uploads\/2022\/12\/Instructivo-Final-1.png\" alt=\"\" width=\"1070\" height=\"1652\" \/><\/p>\n<p><strong>7)<\/strong> Una vez que los alumnos hayan sido registrados por el colegio recibir\u00e1n un mail en las cuentas declaradas por el colegio, comunic\u00e1ndole que han sido inscriptos en la OATec.<\/p>\n<p><strong>8)<\/strong> Una vez que los docentes hayan sido registrados recibir\u00e1n un mail en las cuentas declaradas por el colegio, comunic\u00e1ndole que han sido inscriptos para participar de la OATec.<\/p>\n<p>[\/et_pb_text][\/et_pb_column][\/et_pb_row][\/et_pb_section]<\/p>\n","protected":false},"excerpt":{"rendered":"<p>OATEC 2026ACERCA DE OATec\u00a0 &gt;&gt; \u00a0INSTRUCTIVO PROCESO DE INSCRIPCI\u00d3NINSTRUCTIVO PROCESO DE INSCRIPCI\u00d3N Pasos a seguir: para cualquier tr\u00e1mite o informaci\u00f3n, en todos los casos se comienza por ingresar en el sitio web de la OATec: www.oatec.org.ar &nbsp;IMPORTANTEEs importante que los mails de los alumnos y de los docentes sean escritos correctamente, ya que ser\u00e1 el [&hellip;]<\/p>\n","protected":false},"author":4,"featured_media":0,"parent":0,"menu_order":0,"comment_status":"closed","ping_status":"closed","template":"","meta":{"_et_pb_use_builder":"on","_et_pb_old_content":"","_et_gb_content_width":"","footnotes":""},"class_list":["post-98","page","type-page","status-publish","hentry"],"_links":{"self":[{"href":"https:\/\/www.oatec.org.ar\/index.php\/wp-json\/wp\/v2\/pages\/98","targetHints":{"allow":["GET"]}}],"collection":[{"href":"https:\/\/www.oatec.org.ar\/index.php\/wp-json\/wp\/v2\/pages"}],"about":[{"href":"https:\/\/www.oatec.org.ar\/index.php\/wp-json\/wp\/v2\/types\/page"}],"author":[{"embeddable":true,"href":"https:\/\/www.oatec.org.ar\/index.php\/wp-json\/wp\/v2\/users\/4"}],"replies":[{"embeddable":true,"href":"https:\/\/www.oatec.org.ar\/index.php\/wp-json\/wp\/v2\/comments?post=98"}],"version-history":[{"count":29,"href":"https:\/\/www.oatec.org.ar\/index.php\/wp-json\/wp\/v2\/pages\/98\/revisions"}],"predecessor-version":[{"id":2968,"href":"https:\/\/www.oatec.org.ar\/index.php\/wp-json\/wp\/v2\/pages\/98\/revisions\/2968"}],"wp:attachment":[{"href":"https:\/\/www.oatec.org.ar\/index.php\/wp-json\/wp\/v2\/media?parent=98"}],"curies":[{"name":"wp","href":"https:\/\/api.w.org\/{rel}","templated":true}]}}